{"id":102,"date":"2023-09-20T23:52:41","date_gmt":"2023-09-21T02:52:41","guid":{"rendered":"https:\/\/culturacruzeiro.com.br\/?page_id=102"},"modified":"2025-05-03T14:22:03","modified_gmt":"2025-05-03T17:22:03","slug":"facunp","status":"publish","type":"page","link":"https:\/\/culturacruzeiro.com.br\/index.php\/facunp\/","title":{"rendered":"FACUNP"},"content":{"rendered":"\t\t<div data-elementor-type=\"wp-page\" data-elementor-id=\"102\" class=\"elementor elementor-102\" data-elementor-post-type=\"page\">\n\t\t\t\t<div class=\"elementor-element elementor-element-5734b121 e-flex e-con-boxed e-con e-parent\" data-id=\"5734b121\" data-element_type=\"container\" data-settings=\"{&quot;jet_parallax_layout_list&quot;:[],&quot;background_background&quot;:&quot;classic&quot;}\">\n\t\t\t\t\t<div class=\"e-con-inner\">\n\t\t\t\t<div class=\"elementor-element elementor-element-3e6c8b6c elementor-widget elementor-widget-heading\" data-id=\"3e6c8b6c\" data-element_type=\"widget\" data-widget_type=\"heading.default\">\n\t\t\t\t<div class=\"elementor-widget-container\">\n\t\t\t<h2 class=\"elementor-heading-title elementor-size-default\">FACUNP<\/h2>\t\t<\/div>\n\t\t\t\t<\/div>\n\t\t\t\t\t<\/div>\n\t\t\t\t<\/div>\n\t\t<div class=\"elementor-element elementor-element-133279ae e-flex e-con-boxed e-con e-parent\" data-id=\"133279ae\" data-element_type=\"container\" data-settings=\"{&quot;jet_parallax_layout_list&quot;:[]}\">\n\t\t\t\t\t<div class=\"e-con-inner\">\n\t\t<div class=\"elementor-element elementor-element-6c407e5c e-con-full e-flex e-con e-child\" data-id=\"6c407e5c\" data-element_type=\"container\" data-settings=\"{&quot;jet_parallax_layout_list&quot;:[]}\">\n\t\t\t\t<div class=\"elementor-element elementor-element-138c2bf5 elementor-widget elementor-widget-text-editor\" data-id=\"138c2bf5\" data-element_type=\"widget\" data-widget_type=\"text-editor.default\">\n\t\t\t\t<div class=\"elementor-widget-container\">\n\t\t\t\t\t\t\t<div class=\"page\" title=\"Page 12\">\n<div class=\"section\">\n<div class=\"layoutArea\">\n<div class=\"column\">\n<p>O Fundo de Apoio a\u0300 Cultura Na\u0303o Profissional &#8211; FACUNP foi institui\u0301do com o propo\u0301sito de prestar apoio financeiro ao desenvolvimento de projetos especi\u0301ficos culturais na\u0303o profissionais. O Fundo, ale\u0301m de ir de encontro a\u0300 difusa\u0303o e promoc\u0327a\u0303o da cultura e a ampliac\u0327a\u0303o do acesso a\u0300s atividades culturais, valoriza os trabalhadores da cultura do munici\u0301pio atrave\u0301s do reconhecimento e apoio financeiro e material, e do apoio te\u0301cnico na capacitac\u0327a\u0303o e aprimoramento do artista.<\/p>\n<p><br><\/p>\n<\/div>\n<\/div>\n<\/div>\n<\/div>\t\t\t\t\t\t<\/div>\n\t\t\t\t<\/div>\n\t\t\t\t<\/div>\n\t\t\t\t\t<\/div>\n\t\t\t\t<\/div>\n\t\t<div class=\"elementor-element elementor-element-0cb6b22 e-flex e-con-boxed e-con e-parent\" data-id=\"0cb6b22\" data-element_type=\"container\" data-settings=\"{&quot;jet_parallax_layout_list&quot;:[]}\">\n\t\t\t\t\t<div class=\"e-con-inner\">\n\t\t<div class=\"elementor-element elementor-element-314ccae e-con-full e-flex e-con e-child\" data-id=\"314ccae\" data-element_type=\"container\" data-settings=\"{&quot;jet_parallax_layout_list&quot;:[]}\">\n\t\t\t\t<div class=\"elementor-element elementor-element-24665cf elementor-widget elementor-widget-text-editor\" data-id=\"24665cf\" data-element_type=\"widget\" data-widget_type=\"text-editor.default\">\n\t\t\t\t<div class=\"elementor-widget-container\">\n\t\t\t\t\t\t\t<p>ABERTO O EDITAL DE CREDENCIAMENTO DE PROPOSTAS ART\u00cdSTICAS FACUNP 2024<\/p>\t\t\t\t\t\t<\/div>\n\t\t\t\t<\/div>\n\t\t\t\t<div class=\"elementor-element elementor-element-cc387f6 elementor-align-justify elementor-widget__width-inherit elementor-widget elementor-widget-button\" data-id=\"cc387f6\" data-element_type=\"widget\" data-widget_type=\"button.default\">\n\t\t\t\t<div class=\"elementor-widget-container\">\n\t\t\t\t\t\t\t<div class=\"elementor-button-wrapper\">\n\t\t\t\t\t<a class=\"elementor-button elementor-button-link elementor-size-lg\" href=\"https:\/\/culturacruzeiro.com.br\/wp-content\/uploads\/2024\/07\/LISTA-DE-PROPOSTAS-ARTISTICAS-HABILITADAS-003-2024.pdf\">\n\t\t\t\t\t\t<span class=\"elementor-button-content-wrapper\">\n\t\t\t\t\t\t\t\t\t<span class=\"elementor-button-text\">LISTA DE PROPOSTAS ART\u00cdSTICAS HABILITADAS 003\/2024<\/span>\n\t\t\t\t\t<\/span>\n\t\t\t\t\t<\/a>\n\t\t\t\t<\/div>\n\t\t\t\t\t\t<\/div>\n\t\t\t\t<\/div>\n\t\t\t\t<div class=\"elementor-element elementor-element-b43be5e elementor-align-justify elementor-widget__width-inherit elementor-widget elementor-widget-button\" data-id=\"b43be5e\" data-element_type=\"widget\" data-widget_type=\"button.default\">\n\t\t\t\t<div class=\"elementor-widget-container\">\n\t\t\t\t\t\t\t<div class=\"elementor-button-wrapper\">\n\t\t\t\t\t<a class=\"elementor-button elementor-button-link elementor-size-lg\" href=\"https:\/\/culturacruzeiro.com.br\/wp-content\/uploads\/2024\/07\/LISTA-DE-PROPOSTAS-ARTISTICAS-HABILITADAS-002-2024.pdf\">\n\t\t\t\t\t\t<span class=\"elementor-button-content-wrapper\">\n\t\t\t\t\t\t\t\t\t<span class=\"elementor-button-text\">LISTA DE PROPOSTAS ART\u00cdSTICAS HABILITADAS 002\/2024<\/span>\n\t\t\t\t\t<\/span>\n\t\t\t\t\t<\/a>\n\t\t\t\t<\/div>\n\t\t\t\t\t\t<\/div>\n\t\t\t\t<\/div>\n\t\t\t\t<div class=\"elementor-element elementor-element-d4c213a elementor-align-justify elementor-widget__width-inherit elementor-widget elementor-widget-button\" data-id=\"d4c213a\" data-element_type=\"widget\" data-widget_type=\"button.default\">\n\t\t\t\t<div class=\"elementor-widget-container\">\n\t\t\t\t\t\t\t<div class=\"elementor-button-wrapper\">\n\t\t\t\t\t<a class=\"elementor-button elementor-button-link elementor-size-lg\" href=\"https:\/\/culturacruzeiro.com.br\/wp-content\/uploads\/2024\/07\/LISTA-DE-PROPOSTAS-ARTISTICAS-HABILITADAS-001-2024-1.pdf\">\n\t\t\t\t\t\t<span class=\"elementor-button-content-wrapper\">\n\t\t\t\t\t\t\t\t\t<span class=\"elementor-button-text\">LISTA DE PROPOSTAS ART\u00cdSTICAS HABILITADAS 001\/2024<\/span>\n\t\t\t\t\t<\/span>\n\t\t\t\t\t<\/a>\n\t\t\t\t<\/div>\n\t\t\t\t\t\t<\/div>\n\t\t\t\t<\/div>\n\t\t\t\t<div class=\"elementor-element elementor-element-0b9cf01 elementor-align-justify elementor-widget__width-inherit elementor-widget elementor-widget-button\" data-id=\"0b9cf01\" data-element_type=\"widget\" data-widget_type=\"button.default\">\n\t\t\t\t<div class=\"elementor-widget-container\">\n\t\t\t\t\t\t\t<div class=\"elementor-button-wrapper\">\n\t\t\t\t\t<a class=\"elementor-button elementor-button-link elementor-size-lg\" href=\"https:\/\/culturacruzeiro.com.br\/wp-content\/uploads\/2024\/03\/EDITAL-DE-CREDENCIAMENTO-DE-PROPOSTAS-ARTISTICAS-2024-FACUNP.docx.pdf\">\n\t\t\t\t\t\t<span class=\"elementor-button-content-wrapper\">\n\t\t\t\t\t\t\t\t\t<span class=\"elementor-button-text\">EDITAL DE CREDENCIAMENTO FACUNP 2024 <br> <\/span>\n\t\t\t\t\t<\/span>\n\t\t\t\t\t<\/a>\n\t\t\t\t<\/div>\n\t\t\t\t\t\t<\/div>\n\t\t\t\t<\/div>\n\t\t\t\t<div class=\"elementor-element elementor-element-afc7d0f elementor-align-justify elementor-widget__width-inherit elementor-widget elementor-widget-button\" data-id=\"afc7d0f\" data-element_type=\"widget\" data-widget_type=\"button.default\">\n\t\t\t\t<div class=\"elementor-widget-container\">\n\t\t\t\t\t\t\t<div class=\"elementor-button-wrapper\">\n\t\t\t\t\t<a class=\"elementor-button elementor-button-link elementor-size-lg\" href=\"https:\/\/culturacruzeiro.com.br\/wp-content\/uploads\/2024\/03\/ERRATA-No003_2024-\u2013-RETIFICA-O-CHAMAMENTO-PUBLICO-No-002_2024.pdf\">\n\t\t\t\t\t\t<span class=\"elementor-button-content-wrapper\">\n\t\t\t\t\t\t\t\t\t<span class=\"elementor-button-text\">ERRATA N\u00ba003\/2024 \u2013 RETIFICA O CHAMAMENTO DE CREDENCIAMENTO N\u00ba 002\/2024 <\/span>\n\t\t\t\t\t<\/span>\n\t\t\t\t\t<\/a>\n\t\t\t\t<\/div>\n\t\t\t\t\t\t<\/div>\n\t\t\t\t<\/div>\n\t\t\t\t<div class=\"elementor-element elementor-element-d8f5149 elementor-align-justify elementor-widget__width-inherit elementor-widget elementor-widget-button\" data-id=\"d8f5149\" data-element_type=\"widget\" data-widget_type=\"button.default\">\n\t\t\t\t<div class=\"elementor-widget-container\">\n\t\t\t\t\t\t\t<div class=\"elementor-button-wrapper\">\n\t\t\t\t\t<a class=\"elementor-button elementor-button-link elementor-size-lg\" href=\"https:\/\/culturacruzeiro.com.br\/wp-content\/uploads\/2024\/03\/EDITAL-DE-CREDENCIAMENTO-DE-PROPOSTAS-ARTISTICAS-2024-FACUNP.pdf\">\n\t\t\t\t\t\t<span class=\"elementor-button-content-wrapper\">\n\t\t\t\t\t\t\t\t\t<span class=\"elementor-button-text\">EDITAL DE CREDENCIAMENTO FACUNP 2024 <br> <\/span>\n\t\t\t\t\t<\/span>\n\t\t\t\t\t<\/a>\n\t\t\t\t<\/div>\n\t\t\t\t\t\t<\/div>\n\t\t\t\t<\/div>\n\t\t\t\t<div class=\"elementor-element elementor-element-9904d2e elementor-align-justify elementor-widget__width-inherit elementor-widget elementor-widget-button\" data-id=\"9904d2e\" data-element_type=\"widget\" data-widget_type=\"button.default\">\n\t\t\t\t<div class=\"elementor-widget-container\">\n\t\t\t\t\t\t\t<div class=\"elementor-button-wrapper\">\n\t\t\t\t\t<a class=\"elementor-button elementor-button-link elementor-size-lg\" href=\"https:\/\/culturacruzeiro.com.br\/index.php\/register\/\">\n\t\t\t\t\t\t<span class=\"elementor-button-content-wrapper\">\n\t\t\t\t\t\t\t\t\t<span class=\"elementor-button-text\">FAZER INSCRI\u00c7\u00c3O NO CREDENCIAMENTO<br> <\/span>\n\t\t\t\t\t<\/span>\n\t\t\t\t\t<\/a>\n\t\t\t\t<\/div>\n\t\t\t\t\t\t<\/div>\n\t\t\t\t<\/div>\n\t\t\t\t<\/div>\n\t\t<div class=\"elementor-element elementor-element-822ee82 e-con-full e-flex e-con e-child\" data-id=\"822ee82\" data-element_type=\"container\" data-settings=\"{&quot;jet_parallax_layout_list&quot;:[]}\">\n\t\t\t\t<div class=\"elementor-element elementor-element-91e8a31 elementor-widget elementor-widget-text-editor\" data-id=\"91e8a31\" data-element_type=\"widget\" data-widget_type=\"text-editor.default\">\n\t\t\t\t<div class=\"elementor-widget-container\">\n\t\t\t\t\t\t\t<p><span style=\"color: var( --e-global-color-text );\">\u00a0 \u00a0 \u00a0 \u00a0 \u00a0 \u00a0 \u00a0 \u00a0 \u00a0 \u00a0 \u00a0 \u00a0 \u00a0 \u00a0 \u00a0 \u00a0 \u00a0 \u00a0EDITAL OFICINAS FACUNP 2024<\/span><\/p>\t\t\t\t\t\t<\/div>\n\t\t\t\t<\/div>\n\t\t\t\t<div class=\"elementor-element elementor-element-892d8d0 elementor-align-justify elementor-widget__width-inherit elementor-widget elementor-widget-button\" data-id=\"892d8d0\" data-element_type=\"widget\" data-widget_type=\"button.default\">\n\t\t\t\t<div class=\"elementor-widget-container\">\n\t\t\t\t\t\t\t<div class=\"elementor-button-wrapper\">\n\t\t\t\t\t<a class=\"elementor-button elementor-button-link elementor-size-lg\" href=\"https:\/\/culturacruzeiro.com.br\/wp-content\/uploads\/2024\/06\/PLANILHA-DE-RESULTADO-FINAL-FACUNP-CURTA-DURACAO.pdf\">\n\t\t\t\t\t\t<span class=\"elementor-button-content-wrapper\">\n\t\t\t\t\t\t\t\t\t<span class=\"elementor-button-text\">RESULTADO FINAL - CLASSIFICA\u00c7\u00c3O DOS PROJETOS INSCRITOS (OFICINAS DE CURTA DURA\u00c7\u00c3O)<\/span>\n\t\t\t\t\t<\/span>\n\t\t\t\t\t<\/a>\n\t\t\t\t<\/div>\n\t\t\t\t\t\t<\/div>\n\t\t\t\t<\/div>\n\t\t\t\t<div class=\"elementor-element elementor-element-2675471 elementor-align-justify elementor-widget__width-inherit elementor-widget elementor-widget-button\" data-id=\"2675471\" data-element_type=\"widget\" data-widget_type=\"button.default\">\n\t\t\t\t<div class=\"elementor-widget-container\">\n\t\t\t\t\t\t\t<div class=\"elementor-button-wrapper\">\n\t\t\t\t\t<a class=\"elementor-button elementor-button-link elementor-size-lg\" href=\"https:\/\/culturacruzeiro.com.br\/wp-content\/uploads\/2024\/06\/PLANILHA-DE-RESULTADO-FINAL-FACUNP-LONGA-DURACAO.pdf\">\n\t\t\t\t\t\t<span class=\"elementor-button-content-wrapper\">\n\t\t\t\t\t\t\t\t\t<span class=\"elementor-button-text\">RESULTADO FINAL - CLASSIFICA\u00c7\u00c3O DOS PROJETOS INSCRITOS (OFICINAS DE LONGA DURA\u00c7\u00c3O)<\/span>\n\t\t\t\t\t<\/span>\n\t\t\t\t\t<\/a>\n\t\t\t\t<\/div>\n\t\t\t\t\t\t<\/div>\n\t\t\t\t<\/div>\n\t\t\t\t<div class=\"elementor-element elementor-element-aaf1212 elementor-align-justify elementor-widget__width-inherit elementor-widget elementor-widget-button\" data-id=\"aaf1212\" data-element_type=\"widget\" data-widget_type=\"button.default\">\n\t\t\t\t<div class=\"elementor-widget-container\">\n\t\t\t\t\t\t\t<div class=\"elementor-button-wrapper\">\n\t\t\t\t\t<a class=\"elementor-button elementor-button-link elementor-size-lg\" href=\"https:\/\/culturacruzeiro.com.br\/wp-content\/uploads\/2024\/06\/EXPLICACAO-DETALHADA-SOBRE-PLANILHA-DE-CLASSIFICACAO.pdf\">\n\t\t\t\t\t\t<span class=\"elementor-button-content-wrapper\">\n\t\t\t\t\t\t\t\t\t<span class=\"elementor-button-text\">DETALHAMENTO SOBRE COMPOSI\u00c7\u00c3O DA PLANILHA DE PONTUA\u00c7\u00c3O<\/span>\n\t\t\t\t\t<\/span>\n\t\t\t\t\t<\/a>\n\t\t\t\t<\/div>\n\t\t\t\t\t\t<\/div>\n\t\t\t\t<\/div>\n\t\t\t\t<div class=\"elementor-element elementor-element-80be1dd elementor-align-justify elementor-widget__width-inherit elementor-widget elementor-widget-button\" data-id=\"80be1dd\" data-element_type=\"widget\" data-widget_type=\"button.default\">\n\t\t\t\t<div class=\"elementor-widget-container\">\n\t\t\t\t\t\t\t<div class=\"elementor-button-wrapper\">\n\t\t\t\t\t<a class=\"elementor-button elementor-button-link elementor-size-lg\" href=\"https:\/\/culturacruzeiro.com.br\/wp-content\/uploads\/2024\/06\/PLANILHA-DE-BONUS-DE-PONTUACAO-TITULOS-OFICINAS-DE-LONGA-DURACAO-FACUNP-3.pdf\">\n\t\t\t\t\t\t<span class=\"elementor-button-content-wrapper\">\n\t\t\t\t\t\t\t\t\t<span class=\"elementor-button-text\">PLANILHA DE B\u00d4NUS DE PONTUA\u00c7\u00c3O: T\u00cdTULOS - OFICINA DE LONGA DURA\u00c7\u00c3O<\/span>\n\t\t\t\t\t<\/span>\n\t\t\t\t\t<\/a>\n\t\t\t\t<\/div>\n\t\t\t\t\t\t<\/div>\n\t\t\t\t<\/div>\n\t\t\t\t<div class=\"elementor-element elementor-element-7eddf61 elementor-align-justify elementor-widget__width-inherit elementor-widget elementor-widget-button\" data-id=\"7eddf61\" data-element_type=\"widget\" data-widget_type=\"button.default\">\n\t\t\t\t<div class=\"elementor-widget-container\">\n\t\t\t\t\t\t\t<div class=\"elementor-button-wrapper\">\n\t\t\t\t\t<a class=\"elementor-button elementor-button-link elementor-size-lg\" href=\"https:\/\/culturacruzeiro.com.br\/wp-content\/uploads\/2024\/06\/PLANILHA-DE-BONUS-DE-PONTUACAO-TITULOS-OFICINAS-DE-CURTA-DURACAO-FACUNP.pdf\">\n\t\t\t\t\t\t<span class=\"elementor-button-content-wrapper\">\n\t\t\t\t\t\t\t\t\t<span class=\"elementor-button-text\">PLANILHA DE B\u00d4NUS DE PONTUA\u00c7\u00c3O: T\u00cdTULOS - OFICINA DE CURTA DURA\u00c7\u00c3O<\/span>\n\t\t\t\t\t<\/span>\n\t\t\t\t\t<\/a>\n\t\t\t\t<\/div>\n\t\t\t\t\t\t<\/div>\n\t\t\t\t<\/div>\n\t\t\t\t<div class=\"elementor-element elementor-element-c18b36f elementor-align-justify elementor-widget__width-inherit elementor-widget elementor-widget-button\" data-id=\"c18b36f\" data-element_type=\"widget\" data-widget_type=\"button.default\">\n\t\t\t\t<div class=\"elementor-widget-container\">\n\t\t\t\t\t\t\t<div class=\"elementor-button-wrapper\">\n\t\t\t\t\t<a class=\"elementor-button elementor-button-link elementor-size-lg\" href=\"https:\/\/culturacruzeiro.com.br\/wp-content\/uploads\/2024\/06\/ERRATA-No-004-2024-RETIFICA-O-EDITAL-DE-CHAMAMENTO-PUBLICO-001-2024-1.pdf\">\n\t\t\t\t\t\t<span class=\"elementor-button-content-wrapper\">\n\t\t\t\t\t\t\t\t\t<span class=\"elementor-button-text\">ERRATA N\u00ba 004\/2024 - RETIFICA O CHAMAMENTO P\u00daBLICO N\u00ba 001\/2024<\/span>\n\t\t\t\t\t<\/span>\n\t\t\t\t\t<\/a>\n\t\t\t\t<\/div>\n\t\t\t\t\t\t<\/div>\n\t\t\t\t<\/div>\n\t\t\t\t<div class=\"elementor-element elementor-element-f6485dc elementor-align-justify elementor-widget__width-inherit elementor-widget elementor-widget-button\" data-id=\"f6485dc\" data-element_type=\"widget\" data-widget_type=\"button.default\">\n\t\t\t\t<div class=\"elementor-widget-container\">\n\t\t\t\t\t\t\t<div class=\"elementor-button-wrapper\">\n\t\t\t\t\t<a class=\"elementor-button elementor-button-link elementor-size-lg\" href=\"https:\/\/culturacruzeiro.com.br\/wp-content\/uploads\/2024\/03\/ERRATA-No002_2024-\u2013-RETIFICA-O-CHAMAMENTO-PUBLICO-No-001_2024.pdf\">\n\t\t\t\t\t\t<span class=\"elementor-button-content-wrapper\">\n\t\t\t\t\t\t\t\t\t<span class=\"elementor-button-text\">ERRATA N\u00ba002\/2024 \u2013 RETIFICA O CHAMAMENTO P\u00daBLICO N\u00ba 001\/2024 <\/span>\n\t\t\t\t\t<\/span>\n\t\t\t\t\t<\/a>\n\t\t\t\t<\/div>\n\t\t\t\t\t\t<\/div>\n\t\t\t\t<\/div>\n\t\t\t\t<div class=\"elementor-element elementor-element-ca1b6c2 elementor-align-justify elementor-widget__width-inherit elementor-widget elementor-widget-button\" data-id=\"ca1b6c2\" data-element_type=\"widget\" data-widget_type=\"button.default\">\n\t\t\t\t<div class=\"elementor-widget-container\">\n\t\t\t\t\t\t\t<div class=\"elementor-button-wrapper\">\n\t\t\t\t\t<a class=\"elementor-button elementor-button-link elementor-size-lg\" href=\"https:\/\/culturacruzeiro.com.br\/wp-content\/uploads\/2024\/03\/CHAMAMENTO-PUBLICO-FACUNP-2024-CONSOLIDADO-1.pdf\">\n\t\t\t\t\t\t<span class=\"elementor-button-content-wrapper\">\n\t\t\t\t\t\t\t\t\t<span class=\"elementor-button-text\">EDITAL FACUNP 2024 <br> COMPLETO<\/span>\n\t\t\t\t\t<\/span>\n\t\t\t\t\t<\/a>\n\t\t\t\t<\/div>\n\t\t\t\t\t\t<\/div>\n\t\t\t\t<\/div>\n\t\t\t\t<div class=\"elementor-element elementor-element-a357785 elementor-align-justify elementor-widget__width-inherit elementor-widget elementor-widget-button\" data-id=\"a357785\" data-element_type=\"widget\" data-widget_type=\"button.default\">\n\t\t\t\t<div class=\"elementor-widget-container\">\n\t\t\t\t\t\t\t<div class=\"elementor-button-wrapper\">\n\t\t\t\t\t<a class=\"elementor-button elementor-button-link elementor-size-lg\" href=\"https:\/\/culturacruzeiro.com.br\/wp-content\/uploads\/2024\/02\/CHAMAMENTO-PUBLICO-FACUNP-2024.pdf\">\n\t\t\t\t\t\t<span class=\"elementor-button-content-wrapper\">\n\t\t\t\t\t\t\t\t\t<span class=\"elementor-button-text\">EDITAL FACUNP 2024 <br> COMPLETO<\/span>\n\t\t\t\t\t<\/span>\n\t\t\t\t\t<\/a>\n\t\t\t\t<\/div>\n\t\t\t\t\t\t<\/div>\n\t\t\t\t<\/div>\n\t\t\t\t<div class=\"elementor-element elementor-element-94c956c elementor-align-justify elementor-widget__width-inherit elementor-widget elementor-widget-button\" data-id=\"94c956c\" data-element_type=\"widget\" data-widget_type=\"button.default\">\n\t\t\t\t<div class=\"elementor-widget-container\">\n\t\t\t\t\t\t\t<div class=\"elementor-button-wrapper\">\n\t\t\t\t\t<a class=\"elementor-button elementor-button-link elementor-size-lg\" href=\"https:\/\/culturacruzeiro.com.br\/wp-content\/uploads\/2024\/02\/ERRATA-No01_2024-\u2013-RETIFICA-O-CHAMAMENTO-PUBLICO-No-001_2024.pdf\">\n\t\t\t\t\t\t<span class=\"elementor-button-content-wrapper\">\n\t\t\t\t\t\t\t\t\t<span class=\"elementor-button-text\">ERRATA N\u00ba001\/2024 \u2013 RETIFICA O CHAMAMENTO P\u00daBLICO N\u00ba 001\/2024 <\/span>\n\t\t\t\t\t<\/span>\n\t\t\t\t\t<\/a>\n\t\t\t\t<\/div>\n\t\t\t\t\t\t<\/div>\n\t\t\t\t<\/div>\n\t\t\t\t<div class=\"elementor-element elementor-element-3ebe032 elementor-align-justify elementor-widget__width-inherit elementor-widget elementor-widget-button\" data-id=\"3ebe032\" data-element_type=\"widget\" data-widget_type=\"button.default\">\n\t\t\t\t<div class=\"elementor-widget-container\">\n\t\t\t\t\t\t\t<div class=\"elementor-button-wrapper\">\n\t\t\t\t\t<a class=\"elementor-button elementor-button-link elementor-size-lg\" href=\"https:\/\/culturacruzeiro.com.br\/wp-content\/uploads\/2024\/02\/CHAMAMENTO-PUBLICO-FACUNP-2024-1.pdf\">\n\t\t\t\t\t\t<span class=\"elementor-button-content-wrapper\">\n\t\t\t\t\t\t\t\t\t<span class=\"elementor-button-text\">EDITAL FACUNP 2024 <br> COMPLETO<\/span>\n\t\t\t\t\t<\/span>\n\t\t\t\t\t<\/a>\n\t\t\t\t<\/div>\n\t\t\t\t\t\t<\/div>\n\t\t\t\t<\/div>\n\t\t\t\t<div class=\"elementor-element elementor-element-27b3930 elementor-align-justify elementor-widget__width-inherit elementor-widget elementor-widget-button\" data-id=\"27b3930\" data-element_type=\"widget\" data-widget_type=\"button.default\">\n\t\t\t\t<div class=\"elementor-widget-container\">\n\t\t\t\t\t\t\t<div class=\"elementor-button-wrapper\">\n\t\t\t\t\t<a class=\"elementor-button elementor-button-link elementor-size-lg\" href=\"https:\/\/culturacruzeiro.com.br\/wp-content\/uploads\/2024\/03\/COMUNICADO_-LISTA-DE-PROJETOS-INSCRITOS-NO-EDITAL-No001_2024-FACUNP-1-1.pdf\">\n\t\t\t\t\t\t<span class=\"elementor-button-content-wrapper\">\n\t\t\t\t\t\t\t\t\t<span class=\"elementor-button-text\">LISTA DE PROJETOS INSCRITOS NO EDITAL N\u00b0 001\/2024<\/span>\n\t\t\t\t\t<\/span>\n\t\t\t\t\t<\/a>\n\t\t\t\t<\/div>\n\t\t\t\t\t\t<\/div>\n\t\t\t\t<\/div>\n\t\t\t\t<\/div>\n\t\t\t\t\t<\/div>\n\t\t\t\t<\/div>\n\t\t\t\t<\/div>\n\t\t","protected":false},"excerpt":{"rendered":"<p>FACUNP O Fundo de Apoio a\u0300 Cultura Na\u0303o Profissional &#8211; FACUNP foi institui\u0301do com o propo\u0301sito de prestar apoio financeiro ao desenvolvimento de projetos especi\u0301ficos culturais na\u0303o profissionais. O Fundo, ale\u0301m de ir de encontro a\u0300 difusa\u0303o e promoc\u0327a\u0303o da cultura e a ampliac\u0327a\u0303o do acesso a\u0300s atividades culturais, valoriza os trabalhadores da cultura do [&hellip;]<\/p>\n","protected":false},"author":9,"featured_media":0,"parent":0,"menu_order":0,"comment_status":"closed","ping_status":"closed","template":"elementor_header_footer","meta":{"footnotes":""},"acf":[],"yoast_head":"<!-- This site is optimized with the Yoast SEO plugin v22.3 - https:\/\/yoast.com\/wordpress\/plugins\/seo\/ -->\n<title>FACUNP - Secretaria de Cultura de Cruzeiro<\/title>\n<meta name=\"robots\" content=\"noindex, follow, max-snippet:-1, max-image-preview:large, max-video-preview:-1\" \/>\n<meta property=\"og:locale\" content=\"pt_BR\" \/>\n<meta property=\"og:type\" content=\"article\" \/>\n<meta property=\"og:title\" content=\"FACUNP - Secretaria de Cultura de Cruzeiro\" \/>\n<meta property=\"og:description\" content=\"FACUNP O Fundo de Apoio a\u0300 Cultura Na\u0303o Profissional &#8211; FACUNP foi institui\u0301do com o propo\u0301sito de prestar apoio financeiro ao desenvolvimento de projetos especi\u0301ficos culturais na\u0303o profissionais. O Fundo, ale\u0301m de ir de encontro a\u0300 difusa\u0303o e promoc\u0327a\u0303o da cultura e a ampliac\u0327a\u0303o do acesso a\u0300s atividades culturais, valoriza os trabalhadores da cultura do [&hellip;]\" \/>\n<meta property=\"og:url\" content=\"https:\/\/culturacruzeiro.com.br\/index.php\/facunp\/\" \/>\n<meta property=\"og:site_name\" content=\"Secretaria de Cultura de Cruzeiro\" \/>\n<meta property=\"article:modified_time\" content=\"2025-05-03T17:22:03+00:00\" \/>\n<meta name=\"twitter:card\" content=\"summary_large_image\" \/>\n<meta name=\"twitter:label1\" content=\"Est. tempo de leitura\" \/>\n\t<meta name=\"twitter:data1\" content=\"1 minuto\" \/>\n<script type=\"application\/ld+json\" class=\"yoast-schema-graph\">{\"@context\":\"https:\/\/schema.org\",\"@graph\":[{\"@type\":\"WebPage\",\"@id\":\"https:\/\/culturacruzeiro.com.br\/index.php\/facunp\/\",\"url\":\"https:\/\/culturacruzeiro.com.br\/index.php\/facunp\/\",\"name\":\"FACUNP - Secretaria de Cultura de Cruzeiro\",\"isPartOf\":{\"@id\":\"https:\/\/culturacruzeiro.com.br\/#website\"},\"datePublished\":\"2023-09-21T02:52:41+00:00\",\"dateModified\":\"2025-05-03T17:22:03+00:00\",\"breadcrumb\":{\"@id\":\"https:\/\/culturacruzeiro.com.br\/index.php\/facunp\/#breadcrumb\"},\"inLanguage\":\"pt-BR\",\"potentialAction\":[{\"@type\":\"ReadAction\",\"target\":[\"https:\/\/culturacruzeiro.com.br\/index.php\/facunp\/\"]}]},{\"@type\":\"BreadcrumbList\",\"@id\":\"https:\/\/culturacruzeiro.com.br\/index.php\/facunp\/#breadcrumb\",\"itemListElement\":[{\"@type\":\"ListItem\",\"position\":1,\"name\":\"In\u00edcio\",\"item\":\"https:\/\/culturacruzeiro.com.br\/\"},{\"@type\":\"ListItem\",\"position\":2,\"name\":\"FACUNP\"}]},{\"@type\":\"WebSite\",\"@id\":\"https:\/\/culturacruzeiro.com.br\/#website\",\"url\":\"https:\/\/culturacruzeiro.com.br\/\",\"name\":\"Secretaria de Cultura de Cruzeiro\",\"description\":\"\",\"potentialAction\":[{\"@type\":\"SearchAction\",\"target\":{\"@type\":\"EntryPoint\",\"urlTemplate\":\"https:\/\/culturacruzeiro.com.br\/?s={search_term_string}\"},\"query-input\":\"required name=search_term_string\"}],\"inLanguage\":\"pt-BR\"}]}<\/script>\n<!-- \/ Yoast SEO plugin. -->","yoast_head_json":{"title":"FACUNP - Secretaria de Cultura de Cruzeiro","robots":{"index":"noindex","follow":"follow","max-snippet":"max-snippet:-1","max-image-preview":"max-image-preview:large","max-video-preview":"max-video-preview:-1"},"og_locale":"pt_BR","og_type":"article","og_title":"FACUNP - Secretaria de Cultura de Cruzeiro","og_description":"FACUNP O Fundo de Apoio a\u0300 Cultura Na\u0303o Profissional &#8211; FACUNP foi institui\u0301do com o propo\u0301sito de prestar apoio financeiro ao desenvolvimento de projetos especi\u0301ficos culturais na\u0303o profissionais. O Fundo, ale\u0301m de ir de encontro a\u0300 difusa\u0303o e promoc\u0327a\u0303o da cultura e a ampliac\u0327a\u0303o do acesso a\u0300s atividades culturais, valoriza os trabalhadores da cultura do [&hellip;]","og_url":"https:\/\/culturacruzeiro.com.br\/index.php\/facunp\/","og_site_name":"Secretaria de Cultura de Cruzeiro","article_modified_time":"2025-05-03T17:22:03+00:00","twitter_card":"summary_large_image","twitter_misc":{"Est. tempo de leitura":"1 minuto"},"schema":{"@context":"https:\/\/schema.org","@graph":[{"@type":"WebPage","@id":"https:\/\/culturacruzeiro.com.br\/index.php\/facunp\/","url":"https:\/\/culturacruzeiro.com.br\/index.php\/facunp\/","name":"FACUNP - Secretaria de Cultura de Cruzeiro","isPartOf":{"@id":"https:\/\/culturacruzeiro.com.br\/#website"},"datePublished":"2023-09-21T02:52:41+00:00","dateModified":"2025-05-03T17:22:03+00:00","breadcrumb":{"@id":"https:\/\/culturacruzeiro.com.br\/index.php\/facunp\/#breadcrumb"},"inLanguage":"pt-BR","potentialAction":[{"@type":"ReadAction","target":["https:\/\/culturacruzeiro.com.br\/index.php\/facunp\/"]}]},{"@type":"BreadcrumbList","@id":"https:\/\/culturacruzeiro.com.br\/index.php\/facunp\/#breadcrumb","itemListElement":[{"@type":"ListItem","position":1,"name":"In\u00edcio","item":"https:\/\/culturacruzeiro.com.br\/"},{"@type":"ListItem","position":2,"name":"FACUNP"}]},{"@type":"WebSite","@id":"https:\/\/culturacruzeiro.com.br\/#website","url":"https:\/\/culturacruzeiro.com.br\/","name":"Secretaria de Cultura de Cruzeiro","description":"","potentialAction":[{"@type":"SearchAction","target":{"@type":"EntryPoint","urlTemplate":"https:\/\/culturacruzeiro.com.br\/?s={search_term_string}"},"query-input":"required name=search_term_string"}],"inLanguage":"pt-BR"}]}},"_links":{"self":[{"href":"https:\/\/culturacruzeiro.com.br\/index.php\/wp-json\/wp\/v2\/pages\/102"}],"collection":[{"href":"https:\/\/culturacruzeiro.com.br\/index.php\/wp-json\/wp\/v2\/pages"}],"about":[{"href":"https:\/\/culturacruzeiro.com.br\/index.php\/wp-json\/wp\/v2\/types\/page"}],"author":[{"embeddable":true,"href":"https:\/\/culturacruzeiro.com.br\/index.php\/wp-json\/wp\/v2\/users\/9"}],"replies":[{"embeddable":true,"href":"https:\/\/culturacruzeiro.com.br\/index.php\/wp-json\/wp\/v2\/comments?post=102"}],"version-history":[{"count":116,"href":"https:\/\/culturacruzeiro.com.br\/index.php\/wp-json\/wp\/v2\/pages\/102\/revisions"}],"predecessor-version":[{"id":3265,"href":"https:\/\/culturacruzeiro.com.br\/index.php\/wp-json\/wp\/v2\/pages\/102\/revisions\/3265"}],"wp:attachment":[{"href":"https:\/\/culturacruzeiro.com.br\/index.php\/wp-json\/wp\/v2\/media?parent=102"}],"curies":[{"name":"wp","href":"https:\/\/api.w.org\/{rel}","templated":true}]}}