{"id":113,"date":"2023-09-20T23:54:13","date_gmt":"2023-09-21T02:54:13","guid":{"rendered":"https:\/\/culturacruzeiro.com.br\/?page_id=113"},"modified":"2025-05-03T13:59:56","modified_gmt":"2025-05-03T16:59:56","slug":"secretaria","status":"publish","type":"page","link":"https:\/\/culturacruzeiro.com.br\/index.php\/secretaria\/","title":{"rendered":"SECRETARIA"},"content":{"rendered":"\t\t<div data-elementor-type=\"wp-page\" data-elementor-id=\"113\" class=\"elementor elementor-113\" data-elementor-post-type=\"page\">\n\t\t\t\t<div class=\"elementor-element elementor-element-c102d50 e-flex e-con-boxed e-con e-parent\" data-id=\"c102d50\" data-element_type=\"container\" data-settings=\"{&quot;jet_parallax_layout_list&quot;:[],&quot;background_background&quot;:&quot;classic&quot;}\">\n\t\t\t\t\t<div class=\"e-con-inner\">\n\t\t\t\t<div class=\"elementor-element elementor-element-481afcc elementor-widget elementor-widget-heading\" data-id=\"481afcc\" data-element_type=\"widget\" data-widget_type=\"heading.default\">\n\t\t\t\t<div class=\"elementor-widget-container\">\n\t\t\t<h2 class=\"elementor-heading-title elementor-size-default\">Secretaria<\/h2>\t\t<\/div>\n\t\t\t\t<\/div>\n\t\t\t\t\t<\/div>\n\t\t\t\t<\/div>\n\t\t<div class=\"elementor-element elementor-element-412b764 e-flex e-con-boxed e-con e-parent\" data-id=\"412b764\" data-element_type=\"container\" data-settings=\"{&quot;jet_parallax_layout_list&quot;:[]}\">\n\t\t\t\t\t<div class=\"e-con-inner\">\n\t\t\t\t<div class=\"elementor-element elementor-element-32dc47d elementor-widget elementor-widget-text-editor\" data-id=\"32dc47d\" data-element_type=\"widget\" data-widget_type=\"text-editor.default\">\n\t\t\t\t<div class=\"elementor-widget-container\">\n\t\t\t\t\t\t\t<div class=\"page\" title=\"Page 1\"><div class=\"section\"><div class=\"layoutArea\"><div class=\"column\"><p class=\"\" data-start=\"221\" data-end=\"584\">A Secretaria Municipal de Cultura (SEC) \u00e9 respons\u00e1vel por promover, fomentar, divulgar e democratizar o acesso \u00e0 cultura, com foco na integra\u00e7\u00e3o, inclus\u00e3o e participa\u00e7\u00e3o social. Sua miss\u00e3o tamb\u00e9m inclui valorizar e proteger os saberes e pr\u00e1ticas culturais \u2014 formais e informais, materiais e imateriais \u2014 que comp\u00f5em a identidade cultural do munic\u00edpio de Cruzeiro.<\/p><p class=\"\" data-start=\"586\" data-end=\"876\">Vinculada \u00e0 SEC, a Diretoria de Cultura administra importantes equipamentos culturais da cidade, como o Museu Major Novaes, a Escola de M\u00fasica, o Teatro Capit\u00f3lio, o Centro Cultural Rotunda, a Biblioteca Municipal, o Centro de Apoio ao Artes\u00e3o e o Centro Cultural \u201cRicardo de Souza Barata\u201d.<\/p><p>\u00a0<\/p><p class=\"\" data-start=\"878\" data-end=\"1245\">Al\u00e9m da gest\u00e3o desses espa\u00e7os, a Secretaria \u00e9 encarregada da formula\u00e7\u00e3o e implementa\u00e7\u00e3o de pol\u00edticas culturais em \u00e2mbito municipal, atuando em articula\u00e7\u00e3o com os \u00f3rg\u00e3os estaduais e federais. Tamb\u00e9m coordena e executa programas e projetos culturais em parceria com entidades p\u00fablicas e privadas, contribuindo para o fortalecimento e o desenvolvimento da cultura local.<\/p><\/div><\/div><\/div><\/div>\t\t\t\t\t\t<\/div>\n\t\t\t\t<\/div>\n\t\t\t\t\t<\/div>\n\t\t\t\t<\/div>\n\t\t<div class=\"elementor-element elementor-element-d1ff996 e-flex e-con-boxed e-con e-parent\" data-id=\"d1ff996\" data-element_type=\"container\" data-settings=\"{&quot;jet_parallax_layout_list&quot;:[]}\">\n\t\t\t\t\t<div class=\"e-con-inner\">\n\t\t<div class=\"elementor-element elementor-element-feb9ccc e-con-full e-flex e-con e-child\" data-id=\"feb9ccc\" data-element_type=\"container\" data-settings=\"{&quot;jet_parallax_layout_list&quot;:[]}\">\n\t\t\t\t<div class=\"elementor-element elementor-element-c961940 elementor-widget elementor-widget-text-editor\" data-id=\"c961940\" data-element_type=\"widget\" data-widget_type=\"text-editor.default\">\n\t\t\t\t<div class=\"elementor-widget-container\">\n\t\t\t\t\t\t\t<div class=\"page\" title=\"Page 1\"><div class=\"section\"><div class=\"layoutArea\"><div class=\"column\"><div class=\"page\" title=\"Page 1\"><div class=\"section\"><div class=\"layoutArea\"><div class=\"column\"><p><strong>Missa\u0303o<\/strong><\/p><\/div><\/div><\/div><\/div><\/div><\/div><\/div><\/div>\t\t\t\t\t\t<\/div>\n\t\t\t\t<\/div>\n\t\t\t\t<div class=\"elementor-element elementor-element-f54bd08 elementor-widget elementor-widget-text-editor\" data-id=\"f54bd08\" data-element_type=\"widget\" data-widget_type=\"text-editor.default\">\n\t\t\t\t<div class=\"elementor-widget-container\">\n\t\t\t\t\t\t\t<div class=\"page\" title=\"Page 1\"><div class=\"section\"><div class=\"layoutArea\"><div class=\"column\"><div class=\"page\" title=\"Page 1\"><div class=\"section\"><div class=\"layoutArea\"><div class=\"column\"><p>Sistematizar, fomentar e democratizar o acesso a\u0300 cultura no munici\u0301pio de Cruzeiro, em dia\u0301logo e atrave\u0301s da participac\u0327a\u0303o ativa dos muni\u0301cipes, para que assim sejam construi\u0301das e implementadas poli\u0301ticas pu\u0301blicas horizontalizadas e democratizantes, na\u0303o excludentes e, efetivamente, pertencentes a\u0300s suas comunidades.<\/p><\/div><\/div><\/div><\/div><\/div><\/div><\/div><\/div>\t\t\t\t\t\t<\/div>\n\t\t\t\t<\/div>\n\t\t\t\t<\/div>\n\t\t<div class=\"elementor-element elementor-element-1375ddb e-con-full e-flex e-con e-child\" data-id=\"1375ddb\" data-element_type=\"container\" data-settings=\"{&quot;jet_parallax_layout_list&quot;:[]}\">\n\t\t\t\t<div class=\"elementor-element elementor-element-769ae3b elementor-widget elementor-widget-text-editor\" data-id=\"769ae3b\" data-element_type=\"widget\" data-widget_type=\"text-editor.default\">\n\t\t\t\t<div class=\"elementor-widget-container\">\n\t\t\t\t\t\t\t<div class=\"page\" title=\"Page 1\"><div class=\"section\"><div class=\"layoutArea\"><div class=\"column\"><div class=\"page\" title=\"Page 1\"><div class=\"section\"><div class=\"layoutArea\"><div class=\"column\"><p><strong>Visa\u0303o<\/strong><\/p><\/div><\/div><\/div><\/div><\/div><\/div><\/div><\/div>\t\t\t\t\t\t<\/div>\n\t\t\t\t<\/div>\n\t\t\t\t<div class=\"elementor-element elementor-element-74c40dc elementor-widget elementor-widget-text-editor\" data-id=\"74c40dc\" data-element_type=\"widget\" data-widget_type=\"text-editor.default\">\n\t\t\t\t<div class=\"elementor-widget-container\">\n\t\t\t\t\t\t\t<div class=\"page\" title=\"Page 1\"><div class=\"section\"><div class=\"layoutArea\"><div class=\"column\"><div class=\"page\" title=\"Page 1\"><div class=\"section\"><div class=\"layoutArea\"><div class=\"column\"><p>Constituir um o\u0301rga\u0303o gestor consonante com o Sistema Estadual e Nacional de Cultura, que sirva ao munici\u0301pio baseando-se nos compromissos da democratizac\u0327a\u0303o, preservac\u0327a\u0303o, reconhecimento e difusa\u0303o.<\/p><\/div><\/div><\/div><\/div><\/div><\/div><\/div><\/div>\t\t\t\t\t\t<\/div>\n\t\t\t\t<\/div>\n\t\t\t\t<\/div>\n\t\t\t\t\t<\/div>\n\t\t\t\t<\/div>\n\t\t<div class=\"elementor-element elementor-element-b83a9f0 e-flex e-con-boxed e-con e-parent\" data-id=\"b83a9f0\" data-element_type=\"container\" data-settings=\"{&quot;jet_parallax_layout_list&quot;:[]}\">\n\t\t\t\t\t<div class=\"e-con-inner\">\n\t\t\t\t<div class=\"elementor-element elementor-element-f0587ce elementor-widget elementor-widget-text-editor\" data-id=\"f0587ce\" data-element_type=\"widget\" data-widget_type=\"text-editor.default\">\n\t\t\t\t<div class=\"elementor-widget-container\">\n\t\t\t\t\t\t\t<p><strong>Vocac\u0327a\u0303o<\/strong><\/p>\t\t\t\t\t\t<\/div>\n\t\t\t\t<\/div>\n\t\t\t\t<div class=\"elementor-element elementor-element-dde62e5 elementor-widget elementor-widget-text-editor\" data-id=\"dde62e5\" data-element_type=\"widget\" data-widget_type=\"text-editor.default\">\n\t\t\t\t<div class=\"elementor-widget-container\">\n\t\t\t\t\t\t\t<div class=\"page\" title=\"Page 1\"><div class=\"section\"><div class=\"layoutArea\"><div class=\"column\"><div class=\"page\" title=\"Page 2\"><div class=\"section\"><div class=\"layoutArea\"><div class=\"column\"><div class=\"page\" title=\"Page 1\"><div class=\"section\"><div class=\"layoutArea\"><div class=\"column\"><p>Apresentar o Munici\u0301pio de Cruzeiro como um polo cultural de refere\u0302ncia no Vale Histo\u0301rico, propulsor e receptor de poli\u0301ticas pu\u0301blicas de cultura, criando uma rede articulada com as cidades da referida regia\u0303o e com o\u0301rga\u0303os\/espac\u0327os\/entidades pu\u0301blicas e privadas em prol da Cultura como um direito fundamental.<\/p><\/div><\/div><\/div><\/div><\/div><\/div><\/div><\/div><\/div><\/div><\/div><\/div>\t\t\t\t\t\t<\/div>\n\t\t\t\t<\/div>\n\t\t\t\t<div class=\"elementor-element elementor-element-de5a393 elementor-widget elementor-widget-text-editor\" data-id=\"de5a393\" data-element_type=\"widget\" data-widget_type=\"text-editor.default\">\n\t\t\t\t<div class=\"elementor-widget-container\">\n\t\t\t\t\t\t\t<p><strong>Organograma Funcional<\/strong><\/p>\t\t\t\t\t\t<\/div>\n\t\t\t\t<\/div>\n\t\t\t\t<div class=\"elementor-element elementor-element-097db29 elementor-widget elementor-widget-text-editor\" data-id=\"097db29\" data-element_type=\"widget\" data-widget_type=\"text-editor.default\">\n\t\t\t\t<div class=\"elementor-widget-container\">\n\t\t\t\t\t\t\t<div class=\"page\" title=\"Page 1\"><div class=\"section\"><div class=\"layoutArea\"><div class=\"column\"><div class=\"page\" title=\"Page 2\"><div class=\"section\"><div class=\"layoutArea\"><div class=\"column\"><div class=\"page\" title=\"Page 1\"><div class=\"section\"><div class=\"layoutArea\"><div class=\"column\"><div class=\"page\" title=\"Page 2\"><div class=\"section\"><div class=\"layoutArea\"><div class=\"column\"><p><strong>Secretario de Cultura \u2013 Patrick Ribeiro Gon\u00e7alves<\/strong><\/p><p><strong>Assessoria de Comunica\u00e7\u00e3o Social<\/strong> \u2013 Andressa Togeiro<\/p><p><strong>Assessoria de Apoio ao Artesanato e Cultura Popular \u2013<\/strong>\u00a0<\/p><p><strong>Teatro Capito\u0301lio<\/strong> \u2013 Claudiana Santiago<\/p><p><strong>Museu Major Novaes<\/strong> \u2013 Karina Moraes Costa<\/p><\/div><\/div><\/div><\/div><\/div><\/div><\/div><\/div><\/div><\/div><\/div><\/div><\/div><\/div><\/div><\/div>\t\t\t\t\t\t<\/div>\n\t\t\t\t<\/div>\n\t\t\t\t<div class=\"elementor-element elementor-element-ee2b8dd elementor-widget elementor-widget-text-editor\" data-id=\"ee2b8dd\" data-element_type=\"widget\" data-widget_type=\"text-editor.default\">\n\t\t\t\t<div class=\"elementor-widget-container\">\n\t\t\t\t\t\t\t<div title=\"Page 1\">\n<div>\n<div>\n<div>\n<div title=\"Page 2\">\n<div>\n<div>\n<div>\n<div title=\"Page 1\">\n<div>\n<div>\n<div>\n<div title=\"Page 2\">\n<div>\n<div>\n<div>\n<div title=\"Page 2\">\n<div>\n<div>\n<div>\n<p><strong>Enderec\u0327os<\/strong><\/p>\n<\/div>\n<\/div>\n<\/div>\n<\/div>\n<\/div>\n<\/div>\n<\/div>\n<\/div>\n<\/div>\n<\/div>\n<\/div>\n<\/div>\n<\/div>\n<\/div>\n<\/div>\n<\/div>\n<\/div>\n<\/div>\n<\/div>\n<\/div>\t\t\t\t\t\t<\/div>\n\t\t\t\t<\/div>\n\t\t\t\t<div class=\"elementor-element elementor-element-a1ab7b7 elementor-widget elementor-widget-text-editor\" data-id=\"a1ab7b7\" data-element_type=\"widget\" data-widget_type=\"text-editor.default\">\n\t\t\t\t<div class=\"elementor-widget-container\">\n\t\t\t\t\t\t\t<div title=\"Page 1\">\n<div>\n<div>\n<div>\n<div title=\"Page 2\">\n<div>\n<div>\n<div>\n<div title=\"Page 1\">\n<div>\n<div>\n<div>\n<div title=\"Page 2\">\n<div>\n<div>\n<div>\n<div title=\"Page 2\">\n<div>\n<div>\n<div>\n<p><strong>Sede administrativa SEC:<\/strong>&nbsp;Avenida Jorge Tibiric\u0327a\u0301, s\/n &#8211; Vila Canevari<\/p>\n<p><strong>Museu Major Novaes:<\/strong> Avenida Jorge Tibiric\u0327a\u0301, s\/n &#8211; Vila Canevari.<\/p>\n<div title=\"Page 3\">\n<div>\n<div>\n<div>\n<p><strong>Escola de Mu\u0301sica:<\/strong> Avenida Jorge Tibiric\u0327a\u0301, s\/n &#8211; Vila Canevari.<\/p>\n<p><strong>Teatro Capito\u0301lio:<\/strong> Rua Engenheiro Anto\u0302nio Penido, no 636 &#8211; Centro.<\/p>\n<p><strong>Centro Cultural Rotunda:<\/strong> Avenida Jorge Tibiric\u0327a\u0301, s\/n &#8211; Vila Paulista.<\/p>\n<p><strong>Biblioteca Municipal:<\/strong> Rua Coronel Jose\u0301 de Castro, no 394 &#8211; Centro.<\/p>\n<p><strong>Centro de Apoio ao Artesa\u0303o:<\/strong> Rua Coronel Jose\u0301 de Castro, no 394 &#8211; Centro.<\/p>\n<\/div>\n<\/div>\n<\/div>\n<\/div>\n<\/div>\n<\/div>\n<\/div>\n<\/div>\n<\/div>\n<\/div>\n<\/div>\n<\/div>\n<\/div>\n<\/div>\n<\/div>\n<\/div>\n<\/div>\n<\/div>\n<\/div>\n<\/div>\n<\/div>\n<\/div>\n<\/div>\n<\/div>\t\t\t\t\t\t<\/div>\n\t\t\t\t<\/div>\n\t\t\t\t\t<\/div>\n\t\t\t\t<\/div>\n\t\t\t\t<\/div>\n\t\t","protected":false},"excerpt":{"rendered":"<p>Secretaria A Secretaria Municipal de Cultura (SEC) \u00e9 respons\u00e1vel por promover, fomentar, divulgar e democratizar o acesso \u00e0 cultura, com foco na integra\u00e7\u00e3o, inclus\u00e3o e participa\u00e7\u00e3o social. Sua miss\u00e3o tamb\u00e9m inclui valorizar e proteger os saberes e pr\u00e1ticas culturais \u2014 formais e informais, materiais e imateriais \u2014 que comp\u00f5em a identidade cultural do munic\u00edpio de [&hellip;]<\/p>\n","protected":false},"author":9,"featured_media":0,"parent":0,"menu_order":0,"comment_status":"closed","ping_status":"closed","template":"elementor_header_footer","meta":{"footnotes":""},"acf":[],"yoast_head":"<!-- This site is optimized with the Yoast SEO plugin v22.3 - https:\/\/yoast.com\/wordpress\/plugins\/seo\/ -->\n<title>SECRETARIA - Secretaria de Cultura de Cruzeiro<\/title>\n<meta name=\"robots\" content=\"noindex, follow, max-snippet:-1, max-image-preview:large, max-video-preview:-1\" \/>\n<meta property=\"og:locale\" content=\"pt_BR\" \/>\n<meta property=\"og:type\" content=\"article\" \/>\n<meta property=\"og:title\" content=\"SECRETARIA - Secretaria de Cultura de Cruzeiro\" \/>\n<meta property=\"og:description\" content=\"Secretaria A Secretaria Municipal de Cultura (SEC) \u00e9 respons\u00e1vel por promover, fomentar, divulgar e democratizar o acesso \u00e0 cultura, com foco na integra\u00e7\u00e3o, inclus\u00e3o e participa\u00e7\u00e3o social. Sua miss\u00e3o tamb\u00e9m inclui valorizar e proteger os saberes e pr\u00e1ticas culturais \u2014 formais e informais, materiais e imateriais \u2014 que comp\u00f5em a identidade cultural do munic\u00edpio de [&hellip;]\" \/>\n<meta property=\"og:url\" content=\"https:\/\/culturacruzeiro.com.br\/index.php\/secretaria\/\" \/>\n<meta property=\"og:site_name\" content=\"Secretaria de Cultura de Cruzeiro\" \/>\n<meta property=\"article:modified_time\" content=\"2025-05-03T16:59:56+00:00\" \/>\n<meta name=\"twitter:card\" content=\"summary_large_image\" \/>\n<script type=\"application\/ld+json\" class=\"yoast-schema-graph\">{\"@context\":\"https:\/\/schema.org\",\"@graph\":[{\"@type\":\"WebPage\",\"@id\":\"https:\/\/culturacruzeiro.com.br\/index.php\/secretaria\/\",\"url\":\"https:\/\/culturacruzeiro.com.br\/index.php\/secretaria\/\",\"name\":\"SECRETARIA - Secretaria de Cultura de Cruzeiro\",\"isPartOf\":{\"@id\":\"https:\/\/culturacruzeiro.com.br\/#website\"},\"datePublished\":\"2023-09-21T02:54:13+00:00\",\"dateModified\":\"2025-05-03T16:59:56+00:00\",\"breadcrumb\":{\"@id\":\"https:\/\/culturacruzeiro.com.br\/index.php\/secretaria\/#breadcrumb\"},\"inLanguage\":\"pt-BR\",\"potentialAction\":[{\"@type\":\"ReadAction\",\"target\":[\"https:\/\/culturacruzeiro.com.br\/index.php\/secretaria\/\"]}]},{\"@type\":\"BreadcrumbList\",\"@id\":\"https:\/\/culturacruzeiro.com.br\/index.php\/secretaria\/#breadcrumb\",\"itemListElement\":[{\"@type\":\"ListItem\",\"position\":1,\"name\":\"In\u00edcio\",\"item\":\"https:\/\/culturacruzeiro.com.br\/\"},{\"@type\":\"ListItem\",\"position\":2,\"name\":\"SECRETARIA\"}]},{\"@type\":\"WebSite\",\"@id\":\"https:\/\/culturacruzeiro.com.br\/#website\",\"url\":\"https:\/\/culturacruzeiro.com.br\/\",\"name\":\"Secretaria de Cultura de Cruzeiro\",\"description\":\"\",\"potentialAction\":[{\"@type\":\"SearchAction\",\"target\":{\"@type\":\"EntryPoint\",\"urlTemplate\":\"https:\/\/culturacruzeiro.com.br\/?s={search_term_string}\"},\"query-input\":\"required name=search_term_string\"}],\"inLanguage\":\"pt-BR\"}]}<\/script>\n<!-- \/ Yoast SEO plugin. -->","yoast_head_json":{"title":"SECRETARIA - Secretaria de Cultura de Cruzeiro","robots":{"index":"noindex","follow":"follow","max-snippet":"max-snippet:-1","max-image-preview":"max-image-preview:large","max-video-preview":"max-video-preview:-1"},"og_locale":"pt_BR","og_type":"article","og_title":"SECRETARIA - Secretaria de Cultura de Cruzeiro","og_description":"Secretaria A Secretaria Municipal de Cultura (SEC) \u00e9 respons\u00e1vel por promover, fomentar, divulgar e democratizar o acesso \u00e0 cultura, com foco na integra\u00e7\u00e3o, inclus\u00e3o e participa\u00e7\u00e3o social. Sua miss\u00e3o tamb\u00e9m inclui valorizar e proteger os saberes e pr\u00e1ticas culturais \u2014 formais e informais, materiais e imateriais \u2014 que comp\u00f5em a identidade cultural do munic\u00edpio de [&hellip;]","og_url":"https:\/\/culturacruzeiro.com.br\/index.php\/secretaria\/","og_site_name":"Secretaria de Cultura de Cruzeiro","article_modified_time":"2025-05-03T16:59:56+00:00","twitter_card":"summary_large_image","schema":{"@context":"https:\/\/schema.org","@graph":[{"@type":"WebPage","@id":"https:\/\/culturacruzeiro.com.br\/index.php\/secretaria\/","url":"https:\/\/culturacruzeiro.com.br\/index.php\/secretaria\/","name":"SECRETARIA - Secretaria de Cultura de Cruzeiro","isPartOf":{"@id":"https:\/\/culturacruzeiro.com.br\/#website"},"datePublished":"2023-09-21T02:54:13+00:00","dateModified":"2025-05-03T16:59:56+00:00","breadcrumb":{"@id":"https:\/\/culturacruzeiro.com.br\/index.php\/secretaria\/#breadcrumb"},"inLanguage":"pt-BR","potentialAction":[{"@type":"ReadAction","target":["https:\/\/culturacruzeiro.com.br\/index.php\/secretaria\/"]}]},{"@type":"BreadcrumbList","@id":"https:\/\/culturacruzeiro.com.br\/index.php\/secretaria\/#breadcrumb","itemListElement":[{"@type":"ListItem","position":1,"name":"In\u00edcio","item":"https:\/\/culturacruzeiro.com.br\/"},{"@type":"ListItem","position":2,"name":"SECRETARIA"}]},{"@type":"WebSite","@id":"https:\/\/culturacruzeiro.com.br\/#website","url":"https:\/\/culturacruzeiro.com.br\/","name":"Secretaria de Cultura de Cruzeiro","description":"","potentialAction":[{"@type":"SearchAction","target":{"@type":"EntryPoint","urlTemplate":"https:\/\/culturacruzeiro.com.br\/?s={search_term_string}"},"query-input":"required name=search_term_string"}],"inLanguage":"pt-BR"}]}},"_links":{"self":[{"href":"https:\/\/culturacruzeiro.com.br\/index.php\/wp-json\/wp\/v2\/pages\/113"}],"collection":[{"href":"https:\/\/culturacruzeiro.com.br\/index.php\/wp-json\/wp\/v2\/pages"}],"about":[{"href":"https:\/\/culturacruzeiro.com.br\/index.php\/wp-json\/wp\/v2\/types\/page"}],"author":[{"embeddable":true,"href":"https:\/\/culturacruzeiro.com.br\/index.php\/wp-json\/wp\/v2\/users\/9"}],"replies":[{"embeddable":true,"href":"https:\/\/culturacruzeiro.com.br\/index.php\/wp-json\/wp\/v2\/comments?post=113"}],"version-history":[{"count":40,"href":"https:\/\/culturacruzeiro.com.br\/index.php\/wp-json\/wp\/v2\/pages\/113\/revisions"}],"predecessor-version":[{"id":3228,"href":"https:\/\/culturacruzeiro.com.br\/index.php\/wp-json\/wp\/v2\/pages\/113\/revisions\/3228"}],"wp:attachment":[{"href":"https:\/\/culturacruzeiro.com.br\/index.php\/wp-json\/wp\/v2\/media?parent=113"}],"curies":[{"name":"wp","href":"https:\/\/api.w.org\/{rel}","templated":true}]}}