{"id":3292,"date":"2025-07-03T15:01:10","date_gmt":"2025-07-03T18:01:10","guid":{"rendered":"https:\/\/culturacruzeiro.com.br\/?page_id=3292"},"modified":"2025-07-04T15:15:02","modified_gmt":"2025-07-04T18:15:02","slug":"pnab-2024","status":"publish","type":"page","link":"https:\/\/culturacruzeiro.com.br\/index.php\/pnab-2024\/","title":{"rendered":"PNAB 2024"},"content":{"rendered":"\t\t<div data-elementor-type=\"wp-page\" data-elementor-id=\"3292\" class=\"elementor elementor-3292\" data-elementor-post-type=\"page\">\n\t\t\t\t<div class=\"elementor-element elementor-element-86f3c15 e-flex e-con-boxed e-con e-parent\" data-id=\"86f3c15\" data-element_type=\"container\" data-settings=\"{&quot;jet_parallax_layout_list&quot;:[]}\">\n\t\t\t\t\t<div class=\"e-con-inner\">\n\t\t\t\t<div class=\"elementor-element elementor-element-4f9d101 elementor-widget elementor-widget-heading\" data-id=\"4f9d101\" data-element_type=\"widget\" data-widget_type=\"heading.default\">\n\t\t\t\t<div class=\"elementor-widget-container\">\n\t\t\t<h2 class=\"elementor-heading-title elementor-size-default\">ATAS E LISTAS DE PRESEN\u00c7AS DA AUDI\u00caNCIAS P\u00daBLICAS PNAB 2025<\/h2>\t\t<\/div>\n\t\t\t\t<\/div>\n\t\t\t\t\t<\/div>\n\t\t\t\t<\/div>\n\t\t<div class=\"elementor-element elementor-element-192a134 e-flex e-con-boxed e-con e-parent\" data-id=\"192a134\" data-element_type=\"container\" data-settings=\"{&quot;jet_parallax_layout_list&quot;:[]}\">\n\t\t\t\t\t<div class=\"e-con-inner\">\n\t\t\t\t<div class=\"elementor-element elementor-element-a744b08 elementor-widget elementor-widget-button\" data-id=\"a744b08\" data-element_type=\"widget\" data-widget_type=\"button.default\">\n\t\t\t\t<div class=\"elementor-widget-container\">\n\t\t\t\t\t\t\t<div class=\"elementor-button-wrapper\">\n\t\t\t\t\t<a class=\"elementor-button elementor-button-link elementor-size-sm\" href=\"https:\/\/culturacruzeiro.com.br\/wp-content\/uploads\/2025\/07\/Ata-e-lista-de-presenca-da-1a-Escuta-Publica-PNAB-2025_15-abr-2025.pdf\">\n\t\t\t\t\t\t<span class=\"elementor-button-content-wrapper\">\n\t\t\t\t\t\t\t\t\t<span class=\"elementor-button-text\">1\u00b0 Escuta P\u00fablica - 15 abr 2025<\/span>\n\t\t\t\t\t<\/span>\n\t\t\t\t\t<\/a>\n\t\t\t\t<\/div>\n\t\t\t\t\t\t<\/div>\n\t\t\t\t<\/div>\n\t\t\t\t<div class=\"elementor-element elementor-element-faef3f0 elementor-widget elementor-widget-button\" data-id=\"faef3f0\" data-element_type=\"widget\" data-widget_type=\"button.default\">\n\t\t\t\t<div class=\"elementor-widget-container\">\n\t\t\t\t\t\t\t<div class=\"elementor-button-wrapper\">\n\t\t\t\t\t<a class=\"elementor-button elementor-button-link elementor-size-sm\" href=\"https:\/\/culturacruzeiro.com.br\/wp-content\/uploads\/2025\/07\/Ata-e-lista-de-presenca-da-2a-Escuta-Publica-PNAB-2025_06-mai-2025.pdf\">\n\t\t\t\t\t\t<span class=\"elementor-button-content-wrapper\">\n\t\t\t\t\t\t\t\t\t<span class=\"elementor-button-text\">2\u00b0 Escuta P\u00fablica - 06 mai 2025<\/span>\n\t\t\t\t\t<\/span>\n\t\t\t\t\t<\/a>\n\t\t\t\t<\/div>\n\t\t\t\t\t\t<\/div>\n\t\t\t\t<\/div>\n\t\t\t\t<div class=\"elementor-element elementor-element-7225e5e elementor-widget elementor-widget-button\" data-id=\"7225e5e\" data-element_type=\"widget\" data-widget_type=\"button.default\">\n\t\t\t\t<div class=\"elementor-widget-container\">\n\t\t\t\t\t\t\t<div class=\"elementor-button-wrapper\">\n\t\t\t\t\t<a class=\"elementor-button elementor-button-link elementor-size-sm\" href=\"https:\/\/culturacruzeiro.com.br\/wp-content\/uploads\/2025\/07\/Ata-e-lista-de-presenca-da-3a-Escuta-Publica-PNAB-2025_20-mai-2025.pdf\">\n\t\t\t\t\t\t<span class=\"elementor-button-content-wrapper\">\n\t\t\t\t\t\t\t\t\t<span class=\"elementor-button-text\">3\u00b0 Escuta P\u00fablica - 20 mai 2025<\/span>\n\t\t\t\t\t<\/span>\n\t\t\t\t\t<\/a>\n\t\t\t\t<\/div>\n\t\t\t\t\t\t<\/div>\n\t\t\t\t<\/div>\n\t\t\t\t<div class=\"elementor-element elementor-element-2f9aa01 elementor-widget elementor-widget-button\" data-id=\"2f9aa01\" data-element_type=\"widget\" data-widget_type=\"button.default\">\n\t\t\t\t<div class=\"elementor-widget-container\">\n\t\t\t\t\t\t\t<div class=\"elementor-button-wrapper\">\n\t\t\t\t\t<a class=\"elementor-button elementor-button-link elementor-size-sm\" href=\"https:\/\/culturacruzeiro.com.br\/wp-content\/uploads\/2025\/07\/Ata-e-lista-de-presenca-da-4a-Escuta-Publica-PNAB-2025_03-jun-2025.pdf\">\n\t\t\t\t\t\t<span class=\"elementor-button-content-wrapper\">\n\t\t\t\t\t\t\t\t\t<span class=\"elementor-button-text\">4\u00b0 Escuta P\u00fablica - 03 jun 2025<\/span>\n\t\t\t\t\t<\/span>\n\t\t\t\t\t<\/a>\n\t\t\t\t<\/div>\n\t\t\t\t\t\t<\/div>\n\t\t\t\t<\/div>\n\t\t\t\t<div class=\"elementor-element elementor-element-8c01a83 elementor-widget elementor-widget-button\" data-id=\"8c01a83\" data-element_type=\"widget\" data-widget_type=\"button.default\">\n\t\t\t\t<div class=\"elementor-widget-container\">\n\t\t\t\t\t\t\t<div class=\"elementor-button-wrapper\">\n\t\t\t\t\t<a class=\"elementor-button elementor-button-link elementor-size-sm\" href=\"https:\/\/culturacruzeiro.com.br\/wp-content\/uploads\/2025\/07\/Ata-e-lista-de-presenca_Audiencia-Publica-PNAB-2025_17-jun-2025.pdf\">\n\t\t\t\t\t\t<span class=\"elementor-button-content-wrapper\">\n\t\t\t\t\t\t\t\t\t<span class=\"elementor-button-text\">Audi\u00eancia P\u00fablica - 17 jun 2025<\/span>\n\t\t\t\t\t<\/span>\n\t\t\t\t\t<\/a>\n\t\t\t\t<\/div>\n\t\t\t\t\t\t<\/div>\n\t\t\t\t<\/div>\n\t\t\t\t\t<\/div>\n\t\t\t\t<\/div>\n\t\t\t\t<\/div>\n\t\t","protected":false},"excerpt":{"rendered":"<p>ATAS E LISTAS DE PRESEN\u00c7AS DA AUDI\u00caNCIAS P\u00daBLICAS PNAB 2025 1\u00b0 Escuta P\u00fablica &#8211; 15 abr 2025 2\u00b0 Escuta P\u00fablica &#8211; 06 mai 2025 3\u00b0 Escuta P\u00fablica &#8211; 20 mai 2025 4\u00b0 Escuta P\u00fablica &#8211; 03 jun 2025 Audi\u00eancia P\u00fablica &#8211; 17 jun 2025<\/p>\n","protected":false},"author":94,"featured_media":0,"parent":0,"menu_order":0,"comment_status":"closed","ping_status":"closed","template":"","meta":{"footnotes":""},"acf":[],"yoast_head":"<!-- This site is optimized with the Yoast SEO plugin v22.3 - https:\/\/yoast.com\/wordpress\/plugins\/seo\/ -->\n<title>PNAB 2024 - Secretaria de Cultura de Cruzeiro<\/title>\n<meta name=\"robots\" content=\"noindex, follow, max-snippet:-1, max-image-preview:large, max-video-preview:-1\" \/>\n<meta property=\"og:locale\" content=\"pt_BR\" \/>\n<meta property=\"og:type\" content=\"article\" \/>\n<meta property=\"og:title\" content=\"PNAB 2024 - Secretaria de Cultura de Cruzeiro\" \/>\n<meta property=\"og:description\" content=\"ATAS E LISTAS DE PRESEN\u00c7AS DA AUDI\u00caNCIAS P\u00daBLICAS PNAB 2025 1\u00b0 Escuta P\u00fablica &#8211; 15 abr 2025 2\u00b0 Escuta P\u00fablica &#8211; 06 mai 2025 3\u00b0 Escuta P\u00fablica &#8211; 20 mai 2025 4\u00b0 Escuta P\u00fablica &#8211; 03 jun 2025 Audi\u00eancia P\u00fablica &#8211; 17 jun 2025\" \/>\n<meta property=\"og:url\" content=\"https:\/\/culturacruzeiro.com.br\/index.php\/pnab-2024\/\" \/>\n<meta property=\"og:site_name\" content=\"Secretaria de Cultura de Cruzeiro\" \/>\n<meta property=\"article:modified_time\" content=\"2025-07-04T18:15:02+00:00\" \/>\n<meta name=\"twitter:card\" content=\"summary_large_image\" \/>\n<meta name=\"twitter:label1\" content=\"Est. tempo de leitura\" \/>\n\t<meta name=\"twitter:data1\" content=\"1 minuto\" \/>\n<script type=\"application\/ld+json\" class=\"yoast-schema-graph\">{\"@context\":\"https:\/\/schema.org\",\"@graph\":[{\"@type\":\"WebPage\",\"@id\":\"https:\/\/culturacruzeiro.com.br\/index.php\/pnab-2024\/\",\"url\":\"https:\/\/culturacruzeiro.com.br\/index.php\/pnab-2024\/\",\"name\":\"PNAB 2024 - Secretaria de Cultura de Cruzeiro\",\"isPartOf\":{\"@id\":\"https:\/\/culturacruzeiro.com.br\/#website\"},\"datePublished\":\"2025-07-03T18:01:10+00:00\",\"dateModified\":\"2025-07-04T18:15:02+00:00\",\"breadcrumb\":{\"@id\":\"https:\/\/culturacruzeiro.com.br\/index.php\/pnab-2024\/#breadcrumb\"},\"inLanguage\":\"pt-BR\",\"potentialAction\":[{\"@type\":\"ReadAction\",\"target\":[\"https:\/\/culturacruzeiro.com.br\/index.php\/pnab-2024\/\"]}]},{\"@type\":\"BreadcrumbList\",\"@id\":\"https:\/\/culturacruzeiro.com.br\/index.php\/pnab-2024\/#breadcrumb\",\"itemListElement\":[{\"@type\":\"ListItem\",\"position\":1,\"name\":\"In\u00edcio\",\"item\":\"https:\/\/culturacruzeiro.com.br\/\"},{\"@type\":\"ListItem\",\"position\":2,\"name\":\"PNAB 2024\"}]},{\"@type\":\"WebSite\",\"@id\":\"https:\/\/culturacruzeiro.com.br\/#website\",\"url\":\"https:\/\/culturacruzeiro.com.br\/\",\"name\":\"Secretaria de Cultura de Cruzeiro\",\"description\":\"\",\"potentialAction\":[{\"@type\":\"SearchAction\",\"target\":{\"@type\":\"EntryPoint\",\"urlTemplate\":\"https:\/\/culturacruzeiro.com.br\/?s={search_term_string}\"},\"query-input\":\"required name=search_term_string\"}],\"inLanguage\":\"pt-BR\"}]}<\/script>\n<!-- \/ Yoast SEO plugin. -->","yoast_head_json":{"title":"PNAB 2024 - Secretaria de Cultura de Cruzeiro","robots":{"index":"noindex","follow":"follow","max-snippet":"max-snippet:-1","max-image-preview":"max-image-preview:large","max-video-preview":"max-video-preview:-1"},"og_locale":"pt_BR","og_type":"article","og_title":"PNAB 2024 - Secretaria de Cultura de Cruzeiro","og_description":"ATAS E LISTAS DE PRESEN\u00c7AS DA AUDI\u00caNCIAS P\u00daBLICAS PNAB 2025 1\u00b0 Escuta P\u00fablica &#8211; 15 abr 2025 2\u00b0 Escuta P\u00fablica &#8211; 06 mai 2025 3\u00b0 Escuta P\u00fablica &#8211; 20 mai 2025 4\u00b0 Escuta P\u00fablica &#8211; 03 jun 2025 Audi\u00eancia P\u00fablica &#8211; 17 jun 2025","og_url":"https:\/\/culturacruzeiro.com.br\/index.php\/pnab-2024\/","og_site_name":"Secretaria de Cultura de Cruzeiro","article_modified_time":"2025-07-04T18:15:02+00:00","twitter_card":"summary_large_image","twitter_misc":{"Est. tempo de leitura":"1 minuto"},"schema":{"@context":"https:\/\/schema.org","@graph":[{"@type":"WebPage","@id":"https:\/\/culturacruzeiro.com.br\/index.php\/pnab-2024\/","url":"https:\/\/culturacruzeiro.com.br\/index.php\/pnab-2024\/","name":"PNAB 2024 - Secretaria de Cultura de Cruzeiro","isPartOf":{"@id":"https:\/\/culturacruzeiro.com.br\/#website"},"datePublished":"2025-07-03T18:01:10+00:00","dateModified":"2025-07-04T18:15:02+00:00","breadcrumb":{"@id":"https:\/\/culturacruzeiro.com.br\/index.php\/pnab-2024\/#breadcrumb"},"inLanguage":"pt-BR","potentialAction":[{"@type":"ReadAction","target":["https:\/\/culturacruzeiro.com.br\/index.php\/pnab-2024\/"]}]},{"@type":"BreadcrumbList","@id":"https:\/\/culturacruzeiro.com.br\/index.php\/pnab-2024\/#breadcrumb","itemListElement":[{"@type":"ListItem","position":1,"name":"In\u00edcio","item":"https:\/\/culturacruzeiro.com.br\/"},{"@type":"ListItem","position":2,"name":"PNAB 2024"}]},{"@type":"WebSite","@id":"https:\/\/culturacruzeiro.com.br\/#website","url":"https:\/\/culturacruzeiro.com.br\/","name":"Secretaria de Cultura de Cruzeiro","description":"","potentialAction":[{"@type":"SearchAction","target":{"@type":"EntryPoint","urlTemplate":"https:\/\/culturacruzeiro.com.br\/?s={search_term_string}"},"query-input":"required name=search_term_string"}],"inLanguage":"pt-BR"}]}},"_links":{"self":[{"href":"https:\/\/culturacruzeiro.com.br\/index.php\/wp-json\/wp\/v2\/pages\/3292"}],"collection":[{"href":"https:\/\/culturacruzeiro.com.br\/index.php\/wp-json\/wp\/v2\/pages"}],"about":[{"href":"https:\/\/culturacruzeiro.com.br\/index.php\/wp-json\/wp\/v2\/types\/page"}],"author":[{"embeddable":true,"href":"https:\/\/culturacruzeiro.com.br\/index.php\/wp-json\/wp\/v2\/users\/94"}],"replies":[{"embeddable":true,"href":"https:\/\/culturacruzeiro.com.br\/index.php\/wp-json\/wp\/v2\/comments?post=3292"}],"version-history":[{"count":8,"href":"https:\/\/culturacruzeiro.com.br\/index.php\/wp-json\/wp\/v2\/pages\/3292\/revisions"}],"predecessor-version":[{"id":3311,"href":"https:\/\/culturacruzeiro.com.br\/index.php\/wp-json\/wp\/v2\/pages\/3292\/revisions\/3311"}],"wp:attachment":[{"href":"https:\/\/culturacruzeiro.com.br\/index.php\/wp-json\/wp\/v2\/media?parent=3292"}],"curies":[{"name":"wp","href":"https:\/\/api.w.org\/{rel}","templated":true}]}}