{"id":87,"date":"2023-09-20T23:44:47","date_gmt":"2023-09-21T02:44:47","guid":{"rendered":"https:\/\/culturacruzeiro.com.br\/?page_id=87"},"modified":"2025-05-03T02:01:35","modified_gmt":"2025-05-03T05:01:35","slug":"pagina-inicial-cultura-cruzeiro","status":"publish","type":"page","link":"https:\/\/culturacruzeiro.com.br\/","title":{"rendered":"P\u00c1GINA INICIAL &#8211; CULTURA CRUZEIRO"},"content":{"rendered":"\t\t<div data-elementor-type=\"wp-page\" data-elementor-id=\"87\" class=\"elementor elementor-87\" data-elementor-post-type=\"page\">\n\t\t\t\t<div class=\"elementor-element elementor-element-2789362 e-con-full e-flex e-con e-parent\" data-id=\"2789362\" data-element_type=\"container\" data-settings=\"{&quot;background_background&quot;:&quot;classic&quot;,&quot;jet_parallax_layout_list&quot;:[]}\">\n\t\t<div class=\"elementor-element elementor-element-fd3fb31 e-con-full e-flex e-con e-child\" data-id=\"fd3fb31\" data-element_type=\"container\" data-settings=\"{&quot;jet_parallax_layout_list&quot;:[]}\">\n\t\t\t\t<div class=\"elementor-element elementor-element-51f55b1 elementor-widget elementor-widget-heading\" data-id=\"51f55b1\" data-element_type=\"widget\" data-widget_type=\"heading.default\">\n\t\t\t\t<div class=\"elementor-widget-container\">\n\t\t\t<h2 class=\"elementor-heading-title elementor-size-default\"><b>Portal do<\/b><br>\nagente de cultura\n<\/h2>\t\t<\/div>\n\t\t\t\t<\/div>\n\t\t\t\t<div class=\"elementor-element elementor-element-c3d2e8d elementor-widget elementor-widget-text-editor\" data-id=\"c3d2e8d\" data-element_type=\"widget\" data-widget_type=\"text-editor.default\">\n\t\t\t\t<div class=\"elementor-widget-container\">\n\t\t\t\t\t\t\t<p>Esse espa\u00e7o \u00e9 destinado para os fazedores de cultura da cidade de Cruzeiro. Nesse painel voc\u00ea acompanhar\u00e1 seus projetos, far\u00e1 inscri\u00e7\u00e3o em editais e a presta\u00e7\u00e3o de conta.<\/p>\t\t\t\t\t\t<\/div>\n\t\t\t\t<\/div>\n\t\t\t\t<\/div>\n\t\t<div class=\"elementor-element elementor-element-e96478f e-con-full e-flex e-con e-child\" data-id=\"e96478f\" data-element_type=\"container\" data-settings=\"{&quot;background_background&quot;:&quot;classic&quot;,&quot;jet_parallax_layout_list&quot;:[]}\">\n\t\t\t\t<div class=\"elementor-element elementor-element-6a424c8 elementor-widget elementor-widget-text-editor\" data-id=\"6a424c8\" data-element_type=\"widget\" data-widget_type=\"text-editor.default\">\n\t\t\t\t<div class=\"elementor-widget-container\">\n\t\t\t\t\t\t\t\n<div class=\"um um-login um-28\">\n\t<div class=\"um-form\">\n\t\t<form method=\"post\" action=\"\" autocomplete=\"off\">\n\t\t\t<div class=\"um-row _um_row_1 \" style=\"margin: 0 0 30px 0;\"><div class=\"um-col-1\"><div  id=\"um_field_28_username\" class=\"um-field um-field-text  um-field-username um-field-text um-field-type_text\" data-key=\"username\"><div class=\"um-field-label\"><label for=\"username-28\">Username ou E-mail<\/label><div class=\"um-clear\"><\/div><\/div><div class=\"um-field-area\"><input  autocomplete=\"off\" class=\"um-form-field valid \" type=\"text\" name=\"username-28\" id=\"username-28\" value=\"\" placeholder=\"\" data-validate=\"unique_username_or_email\" data-key=\"username\"  aria-invalid=\"false\" \/>\n\n\t\t\t\t\t\t<\/div><\/div><div  id=\"um_field_28_user_password\" class=\"um-field um-field-password  um-field-user_password um-field-password um-field-type_password\" data-key=\"user_password\"><div class=\"um-field-label\"><label for=\"user_password-28\">Senha<\/label><div class=\"um-clear\"><\/div><\/div><div class=\"um-field-area\"><input class=\"um-form-field valid \" type=\"password\" name=\"user_password-28\" id=\"user_password-28\" value=\"\" placeholder=\"\" data-validate=\"\" data-key=\"user_password\"  aria-invalid=\"false\" \/>\n\n\t\t\t\t\t\t\t<\/div><\/div><\/div><\/div>\t<input type=\"hidden\" name=\"form_id\" id=\"form_id_28\" value=\"28\" \/>\n\t\t<p class=\"um_request_name\">\n\t\t<label for=\"um_request_28\">Only fill in if you are not human<\/label>\n\t\t<input type=\"hidden\" name=\"um_request\" id=\"um_request_28\" class=\"input\" value=\"\" size=\"25\" autocomplete=\"off\" \/>\n\t<\/p>\n\t<input type=\"hidden\" name=\"redirect_to\" id=\"redirect_to\" value=\"https:\/\/culturacruzeiro.com.br\/index.php\/account\/\" \/><input type=\"hidden\" id=\"_wpnonce\" name=\"_wpnonce\" value=\"8b3fb3429c\" \/><input type=\"hidden\" name=\"_wp_http_referer\" value=\"\/index.php\/wp-json\/wp\/v2\/pages\/87\" \/>\n\t<div class=\"um-col-alt\">\n\n\t\t\n\n\t\t\t<div class=\"um-field um-field-c\">\n\t\t\t\t<div class=\"um-field-area\">\n\t\t\t\t\t<label class=\"um-field-checkbox\">\n\t\t\t\t\t\t<input type=\"checkbox\" name=\"rememberme\" value=\"1\"  \/>\n\t\t\t\t\t\t<span class=\"um-field-checkbox-state\"><i class=\"um-icon-android-checkbox-outline-blank\"><\/i><\/span>\n\t\t\t\t\t\t<span class=\"um-field-checkbox-option\"> Mantenha-me conectado<\/span>\n\t\t\t\t\t<\/label>\n\t\t\t\t<\/div>\n\t\t\t<\/div>\n\n\t\t\t\t\t\t<div class=\"um-clear\"><\/div>\n\t\t\n\t\t\t<div class=\"um-left um-half\">\n\t\t\t\t<input type=\"submit\" value=\"Login\" class=\"um-button\" id=\"um-submit-btn\" \/>\n\t\t\t<\/div>\n\t\t\t<div class=\"um-right um-half\">\n\t\t\t\t<a href=\"https:\/\/culturacruzeiro.com.br\/index.php\/register\/\" class=\"um-button um-alt\">\n\t\t\t\t\tRegistrar\t\t\t\t<\/a>\n\t\t\t<\/div>\n\n\t\t\n\t\t<div class=\"um-clear\"><\/div>\n\n\t<\/div>\n\n\t\n\t<div class=\"um-col-alt-b\">\n\t\t<a href=\"https:\/\/culturacruzeiro.com.br\/index.php\/password-reset\/\" class=\"um-link-alt\">\n\t\t\tEsqueceu sua senha?\t\t<\/a>\n\t<\/div>\n\n\t\t\t<\/form>\n\t<\/div>\n<\/div>\n<style>\n\t\t\t.um-28.um {\n\t\t\tmax-width: 450px;\n\t\t}\n\t\t<\/style>\n\t\t\t\t\t\t<\/div>\n\t\t\t\t<\/div>\n\t\t\t\t<\/div>\n\t\t\t\t<\/div>\n\t\t<div class=\"elementor-element elementor-element-f69f178 e-flex e-con-boxed e-con e-parent\" data-id=\"f69f178\" data-element_type=\"container\" data-settings=\"{&quot;jet_parallax_layout_list&quot;:[]}\">\n\t\t\t\t\t<div class=\"e-con-inner\">\n\t\t<div class=\"elementor-element elementor-element-6a1fb66 e-con-full e-flex e-con e-child\" data-id=\"6a1fb66\" data-element_type=\"container\" data-settings=\"{&quot;jet_parallax_layout_list&quot;:[]}\">\n\t\t\t\t<div class=\"elementor-element elementor-element-d366be9 elementor-widget elementor-widget-heading\" data-id=\"d366be9\" data-element_type=\"widget\" data-widget_type=\"heading.default\">\n\t\t\t\t<div class=\"elementor-widget-container\">\n\t\t\t<h2 class=\"elementor-heading-title elementor-size-default\"><b>O que voc\u00ea<\/b>\nprocura?\n<\/h2>\t\t<\/div>\n\t\t\t\t<\/div>\n\t\t\t\t<\/div>\n\t\t<div class=\"elementor-element elementor-element-70faff9 e-con-full e-flex e-con e-child\" data-id=\"70faff9\" data-element_type=\"container\" data-settings=\"{&quot;jet_parallax_layout_list&quot;:[]}\">\n\t\t\t\t<div class=\"elementor-element elementor-element-b1dbd24 elementor-widget elementor-widget-image\" data-id=\"b1dbd24\" data-element_type=\"widget\" data-widget_type=\"image.default\">\n\t\t\t\t<div class=\"elementor-widget-container\">\n\t\t\t\t\t\t\t\t\t\t\t\t\t\t<a href=\"https:\/\/culturacruzeiro.com.br\/index.php\/museu-major-novaes\/\">\n\t\t\t\t\t\t\t<img fetchpriority=\"high\" decoding=\"async\" width=\"730\" height=\"626\" src=\"https:\/\/culturacruzeiro.com.br\/wp-content\/uploads\/2023\/09\/IMAGEM-03.png\" class=\"attachment-large size-large wp-image-164\" alt=\"\" srcset=\"https:\/\/culturacruzeiro.com.br\/wp-content\/uploads\/2023\/09\/IMAGEM-03.png 730w, https:\/\/culturacruzeiro.com.br\/wp-content\/uploads\/2023\/09\/IMAGEM-03-300x257.png 300w\" sizes=\"(max-width: 730px) 100vw, 730px\" \/>\t\t\t\t\t\t\t\t<\/a>\n\t\t\t\t\t\t\t\t\t\t\t\t\t<\/div>\n\t\t\t\t<\/div>\n\t\t\t\t<\/div>\n\t\t<div class=\"elementor-element elementor-element-bea32e8 e-con-full e-flex e-con e-child\" data-id=\"bea32e8\" data-element_type=\"container\" data-settings=\"{&quot;jet_parallax_layout_list&quot;:[]}\">\n\t\t\t\t<div class=\"elementor-element elementor-element-d313059 elementor-widget elementor-widget-image\" data-id=\"d313059\" data-element_type=\"widget\" data-widget_type=\"image.default\">\n\t\t\t\t<div class=\"elementor-widget-container\">\n\t\t\t\t\t\t\t\t\t\t\t\t\t\t<a href=\"https:\/\/culturacruzeiro.com.br\/index.php\/teatro-municipal-capitolio\/\">\n\t\t\t\t\t\t\t<img decoding=\"async\" width=\"730\" height=\"626\" src=\"https:\/\/culturacruzeiro.com.br\/wp-content\/uploads\/2023\/09\/IMAGEM-02.png\" class=\"attachment-large size-large wp-image-165\" alt=\"\" srcset=\"https:\/\/culturacruzeiro.com.br\/wp-content\/uploads\/2023\/09\/IMAGEM-02.png 730w, https:\/\/culturacruzeiro.com.br\/wp-content\/uploads\/2023\/09\/IMAGEM-02-300x257.png 300w\" sizes=\"(max-width: 730px) 100vw, 730px\" \/>\t\t\t\t\t\t\t\t<\/a>\n\t\t\t\t\t\t\t\t\t\t\t\t\t<\/div>\n\t\t\t\t<\/div>\n\t\t\t\t<\/div>\n\t\t<div class=\"elementor-element elementor-element-cecb40e e-con-full e-flex e-con e-child\" data-id=\"cecb40e\" data-element_type=\"container\" data-settings=\"{&quot;jet_parallax_layout_list&quot;:[]}\">\n\t\t\t\t<div class=\"elementor-element elementor-element-ec6a20a elementor-widget elementor-widget-image\" data-id=\"ec6a20a\" data-element_type=\"widget\" data-widget_type=\"image.default\">\n\t\t\t\t<div class=\"elementor-widget-container\">\n\t\t\t\t\t\t\t\t\t\t\t\t\t<img decoding=\"async\" width=\"350\" height=\"300\" src=\"https:\/\/culturacruzeiro.com.br\/wp-content\/uploads\/2023\/11\/Banner-site-cultura.png\" class=\"attachment-large size-large wp-image-1179\" alt=\"\" srcset=\"https:\/\/culturacruzeiro.com.br\/wp-content\/uploads\/2023\/11\/Banner-site-cultura.png 350w, https:\/\/culturacruzeiro.com.br\/wp-content\/uploads\/2023\/11\/Banner-site-cultura-300x257.png 300w\" sizes=\"(max-width: 350px) 100vw, 350px\" \/>\t\t\t\t\t\t\t\t\t\t\t\t\t<\/div>\n\t\t\t\t<\/div>\n\t\t\t\t<\/div>\n\t\t\t\t\t<\/div>\n\t\t\t\t<\/div>\n\t\t<div class=\"elementor-element elementor-element-145e383 e-flex e-con-boxed e-con e-parent\" data-id=\"145e383\" data-element_type=\"container\" data-settings=\"{&quot;jet_parallax_layout_list&quot;:[]}\">\n\t\t\t\t\t<div class=\"e-con-inner\">\n\t\t\t\t\t<\/div>\n\t\t\t\t<\/div>\n\t\t\t\t<\/div>\n\t\t","protected":false},"excerpt":{"rendered":"<p>Portal do agente de cultura Esse espa\u00e7o \u00e9 destinado para os fazedores de cultura da cidade de Cruzeiro. Nesse painel voc\u00ea acompanhar\u00e1 seus projetos, far\u00e1 inscri\u00e7\u00e3o em editais e a presta\u00e7\u00e3o de conta. O que voc\u00ea procura?<\/p>\n","protected":false},"author":9,"featured_media":0,"parent":0,"menu_order":0,"comment_status":"closed","ping_status":"closed","template":"elementor_header_footer","meta":{"footnotes":""},"acf":[],"yoast_head":"<!-- This site is optimized with the Yoast SEO plugin v22.3 - https:\/\/yoast.com\/wordpress\/plugins\/seo\/ -->\n<title>P\u00c1GINA INICIAL - CULTURA CRUZEIRO - Secretaria de Cultura de Cruzeiro<\/title>\n<meta name=\"robots\" content=\"noindex, follow, max-snippet:-1, max-image-preview:large, max-video-preview:-1\" \/>\n<meta property=\"og:locale\" content=\"pt_BR\" \/>\n<meta property=\"og:type\" content=\"article\" \/>\n<meta property=\"og:title\" content=\"P\u00c1GINA INICIAL - CULTURA CRUZEIRO - Secretaria de Cultura de Cruzeiro\" \/>\n<meta property=\"og:description\" content=\"Portal do agente de cultura Esse espa\u00e7o \u00e9 destinado para os fazedores de cultura da cidade de Cruzeiro. Nesse painel voc\u00ea acompanhar\u00e1 seus projetos, far\u00e1 inscri\u00e7\u00e3o em editais e a presta\u00e7\u00e3o de conta. O que voc\u00ea procura?\" \/>\n<meta property=\"og:url\" content=\"https:\/\/culturacruzeiro.com.br\/\" \/>\n<meta property=\"og:site_name\" content=\"Secretaria de Cultura de Cruzeiro\" \/>\n<meta property=\"article:modified_time\" content=\"2025-05-03T05:01:35+00:00\" \/>\n<meta property=\"og:image\" content=\"https:\/\/culturacruzeiro.com.br\/wp-content\/uploads\/2023\/09\/IMAGEM-03.png\" \/>\n<meta name=\"twitter:card\" content=\"summary_large_image\" \/>\n<meta name=\"twitter:label1\" content=\"Est. tempo de leitura\" \/>\n\t<meta name=\"twitter:data1\" content=\"1 minuto\" \/>\n<script type=\"application\/ld+json\" class=\"yoast-schema-graph\">{\"@context\":\"https:\/\/schema.org\",\"@graph\":[{\"@type\":\"WebPage\",\"@id\":\"https:\/\/culturacruzeiro.com.br\/\",\"url\":\"https:\/\/culturacruzeiro.com.br\/\",\"name\":\"P\u00c1GINA INICIAL - CULTURA CRUZEIRO - Secretaria de Cultura de Cruzeiro\",\"isPartOf\":{\"@id\":\"https:\/\/culturacruzeiro.com.br\/#website\"},\"primaryImageOfPage\":{\"@id\":\"https:\/\/culturacruzeiro.com.br\/#primaryimage\"},\"image\":{\"@id\":\"https:\/\/culturacruzeiro.com.br\/#primaryimage\"},\"thumbnailUrl\":\"https:\/\/culturacruzeiro.com.br\/wp-content\/uploads\/2023\/09\/IMAGEM-03.png\",\"datePublished\":\"2023-09-21T02:44:47+00:00\",\"dateModified\":\"2025-05-03T05:01:35+00:00\",\"breadcrumb\":{\"@id\":\"https:\/\/culturacruzeiro.com.br\/#breadcrumb\"},\"inLanguage\":\"pt-BR\",\"potentialAction\":[{\"@type\":\"ReadAction\",\"target\":[\"https:\/\/culturacruzeiro.com.br\/\"]}]},{\"@type\":\"ImageObject\",\"inLanguage\":\"pt-BR\",\"@id\":\"https:\/\/culturacruzeiro.com.br\/#primaryimage\",\"url\":\"https:\/\/culturacruzeiro.com.br\/wp-content\/uploads\/2023\/09\/IMAGEM-03.png\",\"contentUrl\":\"https:\/\/culturacruzeiro.com.br\/wp-content\/uploads\/2023\/09\/IMAGEM-03.png\",\"width\":730,\"height\":626},{\"@type\":\"BreadcrumbList\",\"@id\":\"https:\/\/culturacruzeiro.com.br\/#breadcrumb\",\"itemListElement\":[{\"@type\":\"ListItem\",\"position\":1,\"name\":\"In\u00edcio\",\"item\":\"https:\/\/culturacruzeiro.com.br\/\"},{\"@type\":\"ListItem\",\"position\":2,\"name\":\"P\u00c1GINA INICIAL &#8211; CULTURA CRUZEIRO\"}]},{\"@type\":\"WebSite\",\"@id\":\"https:\/\/culturacruzeiro.com.br\/#website\",\"url\":\"https:\/\/culturacruzeiro.com.br\/\",\"name\":\"Secretaria de Cultura de Cruzeiro\",\"description\":\"\",\"potentialAction\":[{\"@type\":\"SearchAction\",\"target\":{\"@type\":\"EntryPoint\",\"urlTemplate\":\"https:\/\/culturacruzeiro.com.br\/?s={search_term_string}\"},\"query-input\":\"required name=search_term_string\"}],\"inLanguage\":\"pt-BR\"}]}<\/script>\n<!-- \/ Yoast SEO plugin. -->","yoast_head_json":{"title":"P\u00c1GINA INICIAL - CULTURA CRUZEIRO - Secretaria de Cultura de Cruzeiro","robots":{"index":"noindex","follow":"follow","max-snippet":"max-snippet:-1","max-image-preview":"max-image-preview:large","max-video-preview":"max-video-preview:-1"},"og_locale":"pt_BR","og_type":"article","og_title":"P\u00c1GINA INICIAL - CULTURA CRUZEIRO - Secretaria de Cultura de Cruzeiro","og_description":"Portal do agente de cultura Esse espa\u00e7o \u00e9 destinado para os fazedores de cultura da cidade de Cruzeiro. Nesse painel voc\u00ea acompanhar\u00e1 seus projetos, far\u00e1 inscri\u00e7\u00e3o em editais e a presta\u00e7\u00e3o de conta. O que voc\u00ea procura?","og_url":"https:\/\/culturacruzeiro.com.br\/","og_site_name":"Secretaria de Cultura de Cruzeiro","article_modified_time":"2025-05-03T05:01:35+00:00","og_image":[{"url":"https:\/\/culturacruzeiro.com.br\/wp-content\/uploads\/2023\/09\/IMAGEM-03.png"}],"twitter_card":"summary_large_image","twitter_misc":{"Est. tempo de leitura":"1 minuto"},"schema":{"@context":"https:\/\/schema.org","@graph":[{"@type":"WebPage","@id":"https:\/\/culturacruzeiro.com.br\/","url":"https:\/\/culturacruzeiro.com.br\/","name":"P\u00c1GINA INICIAL - CULTURA CRUZEIRO - Secretaria de Cultura de Cruzeiro","isPartOf":{"@id":"https:\/\/culturacruzeiro.com.br\/#website"},"primaryImageOfPage":{"@id":"https:\/\/culturacruzeiro.com.br\/#primaryimage"},"image":{"@id":"https:\/\/culturacruzeiro.com.br\/#primaryimage"},"thumbnailUrl":"https:\/\/culturacruzeiro.com.br\/wp-content\/uploads\/2023\/09\/IMAGEM-03.png","datePublished":"2023-09-21T02:44:47+00:00","dateModified":"2025-05-03T05:01:35+00:00","breadcrumb":{"@id":"https:\/\/culturacruzeiro.com.br\/#breadcrumb"},"inLanguage":"pt-BR","potentialAction":[{"@type":"ReadAction","target":["https:\/\/culturacruzeiro.com.br\/"]}]},{"@type":"ImageObject","inLanguage":"pt-BR","@id":"https:\/\/culturacruzeiro.com.br\/#primaryimage","url":"https:\/\/culturacruzeiro.com.br\/wp-content\/uploads\/2023\/09\/IMAGEM-03.png","contentUrl":"https:\/\/culturacruzeiro.com.br\/wp-content\/uploads\/2023\/09\/IMAGEM-03.png","width":730,"height":626},{"@type":"BreadcrumbList","@id":"https:\/\/culturacruzeiro.com.br\/#breadcrumb","itemListElement":[{"@type":"ListItem","position":1,"name":"In\u00edcio","item":"https:\/\/culturacruzeiro.com.br\/"},{"@type":"ListItem","position":2,"name":"P\u00c1GINA INICIAL &#8211; CULTURA CRUZEIRO"}]},{"@type":"WebSite","@id":"https:\/\/culturacruzeiro.com.br\/#website","url":"https:\/\/culturacruzeiro.com.br\/","name":"Secretaria de Cultura de Cruzeiro","description":"","potentialAction":[{"@type":"SearchAction","target":{"@type":"EntryPoint","urlTemplate":"https:\/\/culturacruzeiro.com.br\/?s={search_term_string}"},"query-input":"required name=search_term_string"}],"inLanguage":"pt-BR"}]}},"_links":{"self":[{"href":"https:\/\/culturacruzeiro.com.br\/index.php\/wp-json\/wp\/v2\/pages\/87"}],"collection":[{"href":"https:\/\/culturacruzeiro.com.br\/index.php\/wp-json\/wp\/v2\/pages"}],"about":[{"href":"https:\/\/culturacruzeiro.com.br\/index.php\/wp-json\/wp\/v2\/types\/page"}],"author":[{"embeddable":true,"href":"https:\/\/culturacruzeiro.com.br\/index.php\/wp-json\/wp\/v2\/users\/9"}],"replies":[{"embeddable":true,"href":"https:\/\/culturacruzeiro.com.br\/index.php\/wp-json\/wp\/v2\/comments?post=87"}],"version-history":[{"count":311,"href":"https:\/\/culturacruzeiro.com.br\/index.php\/wp-json\/wp\/v2\/pages\/87\/revisions"}],"predecessor-version":[{"id":3183,"href":"https:\/\/culturacruzeiro.com.br\/index.php\/wp-json\/wp\/v2\/pages\/87\/revisions\/3183"}],"wp:attachment":[{"href":"https:\/\/culturacruzeiro.com.br\/index.php\/wp-json\/wp\/v2\/media?parent=87"}],"curies":[{"name":"wp","href":"https:\/\/api.w.org\/{rel}","templated":true}]}}